{"id":1083,"date":"2020-03-11T09:42:16","date_gmt":"2020-03-11T09:42:16","guid":{"rendered":"http:\/\/scielarki.pl\/?page_id=1083"},"modified":"2024-03-13T13:19:19","modified_gmt":"2024-03-13T13:19:19","slug":"typ-s","status":"publish","type":"page","link":"http:\/\/scielarki.pl\/?page_id=1083","title":{"rendered":"Typ S"},"content":{"rendered":"<p>[vc_row css_animation=&#8221;&#8221; row_type=&#8221;row&#8221; use_row_as_full_screen_section=&#8221;no&#8221; type=&#8221;grid&#8221; angled_section=&#8221;no&#8221; text_align=&#8221;left&#8221; background_image_as_pattern=&#8221;without_pattern&#8221; z_index=&#8221;&#8221;][vc_column width=&#8221;1\/2&#8243;][vc_empty_space][vc_column_text]<strong><span style=\"color: #ee6c27;\"><span style=\"font-size: large;\">Typ S<\/span><\/span><\/strong>[\/vc_column_text][vc_empty_space][vc_column_text]<\/p>\n<p class=\"western\">Maszyna do \u015bcielenia S jest przeznaczona do uzupe\u0142niania piasku, ale mo\u017cn\u0105 j\u0105 r\u00f3wnie\u017c u\u017cywa\u0107 z trocinami, poci\u0119t\u0105 s\u0142om\u0105 i separatem. Na dnie \u015bcielarki umieszczony jest wa\u0142ek \u015blimakowy, kt\u00f3ry zapobiega zapychaniu si\u0119 maszyny. Pomi\u0119dzy \u0142o\u017cyskami i silnikiem hydraulicznym znajduj\u0105 si\u0119 elementy maskuj\u0105ce, dzi\u0119ki czemu piasek nie dostaje si\u0119 do \u0142o\u017cysk.<br \/>\nMaszyna jest standardowo wyposa\u017cona w przeno\u015bnik ta\u015bmowy o du\u017cej wytrzyma\u0142o\u015b\u0107 oraz wyj\u0105tkowo wytrzyma\u0142\u0105 ram\u0119 i blach\u0119, aby zagwarantowa\u0107 d\u0142ug\u0105 \u017cywotno\u015b\u0107 \u015bcielarki.<\/p>\n<p>[\/vc_column_text][vc_empty_space][vc_column_text]<strong><span style=\"color: #000000;\"><span style=\"font-size: large;\">Specyfikacja techniczna<\/span><\/span><\/strong>[\/vc_column_text][vc_empty_space][vc_single_image image=&#8221;1721&#8243; img_size=&#8221;full&#8221; onclick=&#8221;link_image&#8221; qode_css_animation=&#8221;&#8221;][vc_empty_space][vc_column_text]<strong>Specyfikacje techniczne<\/strong><\/p>\n<p>\u2022 Wytrzyma\u0142a rama i blacha<br \/>\n\u2022 Lemiesz i wzmocnienia \u015bcielarki wykonane ze stali Hardox<br \/>\n\u2022 Rozrzut w lewo i w prawo<br \/>\n\u2022 Wymagana jest jedna sekcja hydrauliczna podw\u00f3jnego dzia\u0142ania<br \/>\n\u2022 Silniki hydrauliczne z elastycznymi z\u0142\u0105czami (sprz\u0119g\u0142em gumowym) i zaworem przeci\u0105\u017ceniowym<br \/>\n\u2022 R\u0119cznie regulowane zawory dozuj\u0105ce<br \/>\n\u2022 Du\u017cy wa\u0142ek \u015blimakowy dozuj\u0105cy na dnie \u0142y\u017cki<br \/>\n\u2022 Wytrzyma\u0142y przeno\u015bnik ta\u015bmowy z podw\u00f3jnie uszczelnionymi kraw\u0119dziami i zgarniaczami<br \/>\n\u2022 Wa\u0142ki nap\u0119dowe pokryte gum\u0105???<br \/>\n\u2022 Malowane proszkowo farb\u0105 podk\u0142adow\u0105 i nawierzchniow\u0105<\/p>\n<p><strong>Opcje<\/strong><\/p>\n<p>\u2022 Tarczka dozuj\u0105ca (do precyzyjnego rozprowadzania bardzo ma\u0142ych ilo\u015bci, nieprzystosowanych do piasku)<br \/>\n\u2022 Sk\u0142adana szczotka do zamiatania po lewej lub prawej stronie<br \/>\n\u2022 Zgarniacz obornika pod maszyn\u0105<br \/>\n\u2022 Regulator przep\u0142ywu oleju (wymagany, gdy maszyna nap\u0119dowa przekracza maksymalny przep\u0142yw)[\/vc_column_text][vc_empty_space][\/vc_column][vc_column width=&#8221;1\/2&#8243;][vc_empty_space][vc_single_image image=&#8221;1719&#8243; img_size=&#8221;400&#215;250&#8243; alignment=&#8221;center&#8221; onclick=&#8221;link_image&#8221; qode_css_animation=&#8221;&#8221;][vc_empty_space][vc_single_image image=&#8221;1708&#8243; img_size=&#8221;400&#215;250&#8243; alignment=&#8221;center&#8221; onclick=&#8221;link_image&#8221; qode_css_animation=&#8221;&#8221;][vc_empty_space][vc_single_image image=&#8221;1716&#8243; img_size=&#8221;400&#215;250&#8243; alignment=&#8221;center&#8221; onclick=&#8221;link_image&#8221; qode_css_animation=&#8221;&#8221;][vc_empty_space][\/vc_column][\/vc_row][vc_row css_animation=&#8221;&#8221; row_type=&#8221;row&#8221; use_row_as_full_screen_section=&#8221;no&#8221; type=&#8221;full_width&#8221; angled_section=&#8221;no&#8221; text_align=&#8221;left&#8221; background_image_as_pattern=&#8221;without_pattern&#8221;][vc_column]<div class='qode_image_gallery_no_space  highlight_active'><div class='qode_image_gallery_holder' style='height: 200px;'><ul  ><li  ><div style=\"height: 200px; width:235px;\"><a itemprop=\"image\" class=\"prettyphoto\" data-rel=\"prettyPhoto[rel-1062694672]\" href=\"http:\/\/scielarki.pl\/wp-content\/uploads\/2024\/03\/S12.jpg\"><img decoding=\"async\" itemprop=\"image\" src=\"http:\/\/scielarki.pl\/wp-content\/uploads\/2024\/03\/S12.jpg\" alt=\"\" \/><\/a><\/div><\/li><li  ><div style=\"height: 200px; width:215px;\"><a itemprop=\"image\" class=\"prettyphoto\" data-rel=\"prettyPhoto[rel-1062694672]\" href=\"http:\/\/scielarki.pl\/wp-content\/uploads\/2024\/03\/S11.jpg\"><img decoding=\"async\" itemprop=\"image\" src=\"http:\/\/scielarki.pl\/wp-content\/uploads\/2024\/03\/S11.jpg\" alt=\"\" \/><\/a><\/div><\/li><li  ><div style=\"height: 200px; width:267px;\"><a itemprop=\"image\" class=\"prettyphoto\" data-rel=\"prettyPhoto[rel-1062694672]\" href=\"http:\/\/scielarki.pl\/wp-content\/uploads\/2024\/03\/S10.jpg\"><img decoding=\"async\" itemprop=\"image\" src=\"http:\/\/scielarki.pl\/wp-content\/uploads\/2024\/03\/S10.jpg\" alt=\"\" \/><\/a><\/div><\/li><li  ><div style=\"height: 200px; width:267px;\"><a itemprop=\"image\" class=\"prettyphoto\" data-rel=\"prettyPhoto[rel-1062694672]\" href=\"http:\/\/scielarki.pl\/wp-content\/uploads\/2024\/03\/S9.jpg\"><img decoding=\"async\" itemprop=\"image\" src=\"http:\/\/scielarki.pl\/wp-content\/uploads\/2024\/03\/S9.jpg\" alt=\"\" \/><\/a><\/div><\/li><li  ><div style=\"height: 200px; width:267px;\"><a itemprop=\"image\" class=\"prettyphoto\" data-rel=\"prettyPhoto[rel-1062694672]\" href=\"http:\/\/scielarki.pl\/wp-content\/uploads\/2024\/03\/S6.jpg\"><img decoding=\"async\" itemprop=\"image\" src=\"http:\/\/scielarki.pl\/wp-content\/uploads\/2024\/03\/S6.jpg\" alt=\"\" \/><\/a><\/div><\/li><li  ><div style=\"height: 200px; width:267px;\"><a itemprop=\"image\" class=\"prettyphoto\" data-rel=\"prettyPhoto[rel-1062694672]\" href=\"http:\/\/scielarki.pl\/wp-content\/uploads\/2024\/03\/S5.jpg\"><img decoding=\"async\" itemprop=\"image\" src=\"http:\/\/scielarki.pl\/wp-content\/uploads\/2024\/03\/S5.jpg\" alt=\"\" \/><\/a><\/div><\/li><li  ><div style=\"height: 200px; width:267px;\"><a itemprop=\"image\" class=\"prettyphoto\" data-rel=\"prettyPhoto[rel-1062694672]\" href=\"http:\/\/scielarki.pl\/wp-content\/uploads\/2024\/03\/S4.jpg\"><img decoding=\"async\" itemprop=\"image\" src=\"http:\/\/scielarki.pl\/wp-content\/uploads\/2024\/03\/S4.jpg\" alt=\"\" \/><\/a><\/div><\/li><li  ><div style=\"height: 200px; width:267px;\"><a itemprop=\"image\" class=\"prettyphoto\" data-rel=\"prettyPhoto[rel-1062694672]\" href=\"http:\/\/scielarki.pl\/wp-content\/uploads\/2024\/03\/S3.jpg\"><img decoding=\"async\" itemprop=\"image\" src=\"http:\/\/scielarki.pl\/wp-content\/uploads\/2024\/03\/S3.jpg\" alt=\"\" \/><\/a><\/div><\/li><li  ><div style=\"height: 200px; width:301px;\"><a itemprop=\"image\" class=\"prettyphoto\" data-rel=\"prettyPhoto[rel-1062694672]\" href=\"http:\/\/scielarki.pl\/wp-content\/uploads\/2024\/03\/S2.jpg\"><img decoding=\"async\" itemprop=\"image\" src=\"http:\/\/scielarki.pl\/wp-content\/uploads\/2024\/03\/S2.jpg\" alt=\"\" \/><\/a><\/div><\/li><li  ><div style=\"height: 200px; width:262px;\"><a itemprop=\"image\" class=\"prettyphoto\" data-rel=\"prettyPhoto[rel-1062694672]\" href=\"http:\/\/scielarki.pl\/wp-content\/uploads\/2024\/03\/S1.jpg\"><img decoding=\"async\" itemprop=\"image\" src=\"http:\/\/scielarki.pl\/wp-content\/uploads\/2024\/03\/S1.jpg\" alt=\"\" \/><\/a><\/div><\/li><li  ><div style=\"height: 200px; width:301px;\"><a itemprop=\"image\" class=\"prettyphoto\" data-rel=\"prettyPhoto[rel-1062694672]\" href=\"http:\/\/scielarki.pl\/wp-content\/uploads\/2024\/03\/S.jpg\"><img decoding=\"async\" itemprop=\"image\" src=\"http:\/\/scielarki.pl\/wp-content\/uploads\/2024\/03\/S.jpg\" alt=\"\" \/><\/a><\/div><\/li><li  ><div style=\"height: 200px; width:267px;\"><a itemprop=\"image\" class=\"prettyphoto\" data-rel=\"prettyPhoto[rel-1062694672]\" href=\"http:\/\/scielarki.pl\/wp-content\/uploads\/2024\/03\/S8.jpg\"><img decoding=\"async\" itemprop=\"image\" src=\"http:\/\/scielarki.pl\/wp-content\/uploads\/2024\/03\/S8.jpg\" alt=\"\" \/><\/a><\/div><\/li><li  ><div style=\"height: 200px; width:267px;\"><a itemprop=\"image\" class=\"prettyphoto\" data-rel=\"prettyPhoto[rel-1062694672]\" href=\"http:\/\/scielarki.pl\/wp-content\/uploads\/2024\/03\/S7.jpg\"><img decoding=\"async\" itemprop=\"image\" src=\"http:\/\/scielarki.pl\/wp-content\/uploads\/2024\/03\/S7.jpg\" alt=\"\" \/><\/a><\/div><\/li><\/ul><\/div><div class=\"controls\"><a class=\"prev-slide\" href=\"#\"><span><i class=\"fa fa-angle-left\"><\/i><\/span><\/a><a class=\"next-slide\" href=\"#\"><span><i class=\"fa fa-angle-right\"><\/i><\/span><\/a><\/div><\/div>[\/vc_column][\/vc_row]<\/p>\n","protected":false},"excerpt":{"rendered":"<p>[vc_row css_animation=&#8221;&#8221; row_type=&#8221;row&#8221; use_row_as_full_screen_section=&#8221;no&#8221; type=&#8221;grid&#8221; angled_section=&#8221;no&#8221; text_align=&#8221;left&#8221; background_image_as_pattern=&#8221;without_pattern&#8221; z_index=&#8221;&#8221;][vc_column width=&#8221;1\/2&#8243;][vc_empty_space][vc_column_text]Typ S[\/vc_column_text][vc_empty_space][vc_column_text] Maszyna do \u015bcielenia S jest przeznaczona do uzupe\u0142niania piasku, ale mo\u017cn\u0105 j\u0105 r\u00f3wnie\u017c u\u017cywa\u0107 z trocinami, poci\u0119t\u0105 s\u0142om\u0105 i separatem. Na dnie \u015bcielarki umieszczony jest wa\u0142ek \u015blimakowy, kt\u00f3ry zapobiega zapychaniu si\u0119 maszyny. Pomi\u0119dzy \u0142o\u017cyskami&#8230;<\/p>\n","protected":false},"author":1,"featured_media":0,"parent":0,"menu_order":0,"comment_status":"closed","ping_status":"closed","template":"","meta":{"footnotes":""},"_links":{"self":[{"href":"http:\/\/scielarki.pl\/index.php?rest_route=\/wp\/v2\/pages\/1083"}],"collection":[{"href":"http:\/\/scielarki.pl\/index.php?rest_route=\/wp\/v2\/pages"}],"about":[{"href":"http:\/\/scielarki.pl\/index.php?rest_route=\/wp\/v2\/types\/page"}],"author":[{"embeddable":true,"href":"http:\/\/scielarki.pl\/index.php?rest_route=\/wp\/v2\/users\/1"}],"replies":[{"embeddable":true,"href":"http:\/\/scielarki.pl\/index.php?rest_route=%2Fwp%2Fv2%2Fcomments&post=1083"}],"version-history":[{"count":8,"href":"http:\/\/scielarki.pl\/index.php?rest_route=\/wp\/v2\/pages\/1083\/revisions"}],"predecessor-version":[{"id":1707,"href":"http:\/\/scielarki.pl\/index.php?rest_route=\/wp\/v2\/pages\/1083\/revisions\/1707"}],"wp:attachment":[{"href":"http:\/\/scielarki.pl\/index.php?rest_route=%2Fwp%2Fv2%2Fmedia&parent=1083"}],"curies":[{"name":"wp","href":"https:\/\/api.w.org\/{rel}","templated":true}]}}