{"id":1086,"date":"2020-03-11T09:45:07","date_gmt":"2020-03-11T09:45:07","guid":{"rendered":"http:\/\/scielarki.pl\/?page_id=1086"},"modified":"2024-03-13T13:59:02","modified_gmt":"2024-03-13T13:59:02","slug":"typ-sx","status":"publish","type":"page","link":"http:\/\/scielarki.pl\/?page_id=1086","title":{"rendered":"Typ SX"},"content":{"rendered":"<p>[vc_row css_animation=&#8221;&#8221; row_type=&#8221;row&#8221; use_row_as_full_screen_section=&#8221;no&#8221; type=&#8221;grid&#8221; angled_section=&#8221;no&#8221; text_align=&#8221;left&#8221; background_image_as_pattern=&#8221;without_pattern&#8221; z_index=&#8221;&#8221;][vc_column width=&#8221;1\/2&#8243;][vc_empty_space][vc_column_text]<strong><span style=\"color: #ee6c27;\"><span style=\"font-size: large;\">Typ SX<\/span><\/span><\/strong>[\/vc_column_text][vc_empty_space][vc_column_text]<\/p>\n<p class=\"western\">Ta maszyna nie jest wyposa\u017cona w wa\u0142ek \u015blimakowy, ale w zamian za to posiada mechanizm oscylacyjny w \u0142y\u017cce. Brak obracaj\u0105cego si\u0119 wa\u0142ka sprawia, \u017ce maszyna ma d\u0142u\u017csz\u0105 \u017cywotno\u015b\u0107.<br \/>\nDzi\u0119ki grubym blachom, lemieszowi Hardox, cz\u0119\u015bciom zu\u017cywaj\u0105cym si\u0119 z balchy Hardox i wyj\u0105tkowo wytrzyma\u0142emu przeno\u015bnikowi ta\u015bmowemu maszyna doskonale nadaje si\u0119 do pracy z piaskiem.<br \/>\nUruchomienie mechanizmu oscylacyjnego mo\u017cna regulowa\u0107, tak aby mo\u017cna by\u0142o stosowa\u0107 zar\u00f3wno suchy jak i mokry piasek. Maszyna jest standardowo wyposa\u017cona w urz\u0105dzenie do kontroli pr\u0119dko\u015bci, kt\u00f3re umo\u017cliwia precyzyjn\u0105 aplikacje.<\/p>\n<p>[\/vc_column_text][vc_empty_space][vc_column_text]<strong><span style=\"color: #000000;\"><span style=\"font-size: large;\">Specyfikacja techniczna<\/span><\/span><\/strong>[\/vc_column_text][vc_empty_space][vc_single_image image=&#8221;1733&#8243; img_size=&#8221;full&#8221; onclick=&#8221;link_image&#8221; qode_css_animation=&#8221;&#8221;][vc_empty_space][vc_column_text]\u2022 Wytrzyma\u0142a rama i blacha<br \/>\n\u2022 Wysyp w lewo i w prawo<br \/>\n\u2022 Lemiesz i wzmocnienia \u015bcielarki wykonane ze stali Hardox<br \/>\n\u2022 Wymagana jest jedna sekcja hydrauliczna podw\u00f3jnego dzia\u0142ania<br \/>\n\u2022 Silniki hydrauliczne z elastycznymi z\u0142\u0105czami (sprz\u0119g\u0142em gumowym) i zaworem przelewowym<br \/>\n\u2022 Wytrzyma\u0142y przeno\u015bnik ta\u015bmowy z podw\u00f3jnie uszczelnionymi kraw\u0119dziami i zgarniaczami<br \/>\n\u2022 Aplikacja za pomoc\u0105 mechanizmu oscylacyjnego zapewnia mniejsze zu\u017cycie<br \/>\n\u2022 Wa\u0142ki nap\u0119dzaj\u0105ce pokryte gum\u0105<br \/>\n\u2022 Malowane proszkowo farb\u0105 podk\u0142adow\u0105 i nawierzchniow\u0105<\/p>\n<p><strong>Opcje<\/strong><\/p>\n<p>\u2022 Zgarniacz obornika pod maszyn\u0105<br \/>\n\u2022 Regulator przep\u0142ywu oleju (wymagany, gdy maszyna nap\u0119dowa przekracza maksymalny przep\u0142yw)[\/vc_column_text][vc_empty_space][\/vc_column][vc_column width=&#8221;1\/2&#8243;][vc_single_image image=&#8221;1729&#8243; img_size=&#8221;400&#215;250&#8243; alignment=&#8221;center&#8221; onclick=&#8221;link_image&#8221; qode_css_animation=&#8221;&#8221;][vc_empty_space][vc_single_image image=&#8221;1731&#8243; img_size=&#8221;400&#215;250&#8243; alignment=&#8221;center&#8221; onclick=&#8221;link_image&#8221; qode_css_animation=&#8221;&#8221;][vc_empty_space][vc_video link=&#8221;https:\/\/www.youtube.com\/watch?v=6Qc2wz2x96E&#8221; el_width=&#8221;70&#8243; align=&#8221;center&#8221;][\/vc_column][\/vc_row][vc_row css_animation=&#8221;&#8221; row_type=&#8221;row&#8221; use_row_as_full_screen_section=&#8221;no&#8221; type=&#8221;full_width&#8221; angled_section=&#8221;no&#8221; text_align=&#8221;left&#8221; background_image_as_pattern=&#8221;without_pattern&#8221;][vc_column]<div class='qode_image_gallery_no_space  highlight_active'><div class='qode_image_gallery_holder' style='height: 200px;'><ul  ><li  ><div style=\"height: 200px; width:300px;\"><a itemprop=\"image\" class=\"prettyphoto\" data-rel=\"prettyPhoto[rel-1188465154]\" href=\"http:\/\/scielarki.pl\/wp-content\/uploads\/2024\/03\/SX-3.jpg\"><img decoding=\"async\" itemprop=\"image\" src=\"http:\/\/scielarki.pl\/wp-content\/uploads\/2024\/03\/SX-3.jpg\" alt=\"\" \/><\/a><\/div><\/li><li  ><div style=\"height: 200px; width:300px;\"><a itemprop=\"image\" class=\"prettyphoto\" data-rel=\"prettyPhoto[rel-1188465154]\" href=\"http:\/\/scielarki.pl\/wp-content\/uploads\/2024\/03\/SX-2.jpg\"><img decoding=\"async\" itemprop=\"image\" src=\"http:\/\/scielarki.pl\/wp-content\/uploads\/2024\/03\/SX-2.jpg\" alt=\"\" \/><\/a><\/div><\/li><li  ><div style=\"height: 200px; width:301px;\"><a itemprop=\"image\" class=\"prettyphoto\" data-rel=\"prettyPhoto[rel-1188465154]\" href=\"http:\/\/scielarki.pl\/wp-content\/uploads\/2024\/03\/SX-1.jpg\"><img decoding=\"async\" itemprop=\"image\" src=\"http:\/\/scielarki.pl\/wp-content\/uploads\/2024\/03\/SX-1.jpg\" alt=\"\" \/><\/a><\/div><\/li><li  ><div style=\"height: 200px; width:300px;\"><a itemprop=\"image\" class=\"prettyphoto\" data-rel=\"prettyPhoto[rel-1188465154]\" href=\"http:\/\/scielarki.pl\/wp-content\/uploads\/2024\/03\/SX-4.jpg\"><img decoding=\"async\" itemprop=\"image\" src=\"http:\/\/scielarki.pl\/wp-content\/uploads\/2024\/03\/SX-4.jpg\" alt=\"\" \/><\/a><\/div><\/li><\/ul><\/div><div class=\"controls\"><a class=\"prev-slide\" href=\"#\"><span><i class=\"fa fa-angle-left\"><\/i><\/span><\/a><a class=\"next-slide\" href=\"#\"><span><i class=\"fa fa-angle-right\"><\/i><\/span><\/a><\/div><\/div>[\/vc_column][\/vc_row]<\/p>\n","protected":false},"excerpt":{"rendered":"<p>[vc_row css_animation=&#8221;&#8221; row_type=&#8221;row&#8221; use_row_as_full_screen_section=&#8221;no&#8221; type=&#8221;grid&#8221; angled_section=&#8221;no&#8221; text_align=&#8221;left&#8221; background_image_as_pattern=&#8221;without_pattern&#8221; z_index=&#8221;&#8221;][vc_column width=&#8221;1\/2&#8243;][vc_empty_space][vc_column_text]Typ SX[\/vc_column_text][vc_empty_space][vc_column_text] Ta maszyna nie jest wyposa\u017cona w wa\u0142ek \u015blimakowy, ale w zamian za to posiada mechanizm oscylacyjny w \u0142y\u017cce. Brak obracaj\u0105cego si\u0119 wa\u0142ka sprawia, \u017ce maszyna ma d\u0142u\u017csz\u0105 \u017cywotno\u015b\u0107. Dzi\u0119ki grubym blachom, lemieszowi Hardox, cz\u0119\u015bciom&#8230;<\/p>\n","protected":false},"author":1,"featured_media":0,"parent":0,"menu_order":0,"comment_status":"closed","ping_status":"closed","template":"","meta":{"footnotes":""},"_links":{"self":[{"href":"http:\/\/scielarki.pl\/index.php?rest_route=\/wp\/v2\/pages\/1086"}],"collection":[{"href":"http:\/\/scielarki.pl\/index.php?rest_route=\/wp\/v2\/pages"}],"about":[{"href":"http:\/\/scielarki.pl\/index.php?rest_route=\/wp\/v2\/types\/page"}],"author":[{"embeddable":true,"href":"http:\/\/scielarki.pl\/index.php?rest_route=\/wp\/v2\/users\/1"}],"replies":[{"embeddable":true,"href":"http:\/\/scielarki.pl\/index.php?rest_route=%2Fwp%2Fv2%2Fcomments&post=1086"}],"version-history":[{"count":4,"href":"http:\/\/scielarki.pl\/index.php?rest_route=\/wp\/v2\/pages\/1086\/revisions"}],"predecessor-version":[{"id":1735,"href":"http:\/\/scielarki.pl\/index.php?rest_route=\/wp\/v2\/pages\/1086\/revisions\/1735"}],"wp:attachment":[{"href":"http:\/\/scielarki.pl\/index.php?rest_route=%2Fwp%2Fv2%2Fmedia&parent=1086"}],"curies":[{"name":"wp","href":"https:\/\/api.w.org\/{rel}","templated":true}]}}