{"id":1089,"date":"2020-03-11T09:47:35","date_gmt":"2020-03-11T09:47:35","guid":{"rendered":"http:\/\/scielarki.pl\/?page_id=1089"},"modified":"2024-03-13T11:09:24","modified_gmt":"2024-03-13T11:09:24","slug":"typ-zx","status":"publish","type":"page","link":"http:\/\/scielarki.pl\/?page_id=1089","title":{"rendered":"Typ ZX"},"content":{"rendered":"<p>[vc_row css_animation=&#8221;&#8221; row_type=&#8221;row&#8221; use_row_as_full_screen_section=&#8221;no&#8221; type=&#8221;grid&#8221; angled_section=&#8221;no&#8221; text_align=&#8221;left&#8221; background_image_as_pattern=&#8221;without_pattern&#8221; z_index=&#8221;&#8221;][vc_column width=&#8221;1\/2&#8243;][vc_column_text]<strong><span style=\"color: #ee6c27;\"><span style=\"font-size: large;\">Typ ZX<\/span><\/span><\/strong>[\/vc_column_text][vc_empty_space][vc_column_text]<\/p>\n<p class=\"western\">Maszyna z serii ZX posiada dodatkowy wa\u0142ek \u015blimakowy w g\u00f3rnej cz\u0119\u015bci \u0142y\u017cki, pozwalaj\u0105c na prac\u0119 z materia\u0142ami, kt\u00f3re s\u0105 bardziej podatne na zawieszanie w maszynie.<br \/>\nSilniki hydrauliczne maj\u0105 elastyczne sprz\u0119g\u0142a (sprz\u0119g\u0142em gumowym), a os\u0142on\u0119 \u0142a\u0144cucha mo\u017cna \u0142atwo zdemontowa\u0107 w celu konserwacji. Typ ZX mo\u017ce \u015bcieli\u0107 (aplikowa\u0107) trociny, rozdrobnion\u0105 oraz posiekan\u0105 s\u0142om\u0119, separat co czyni jego mo\u017cliwo\u015bci wszechstronnymi.<br \/>\nNale\u017cy pami\u0119ta\u0107, \u017ce trawa i separat nie mog\u0105 by\u0107 dystrybuowane z typami ZX 2000\/2500\/3000.<\/p>\n<p>[\/vc_column_text][vc_empty_space][vc_column_text]<strong><span style=\"color: #000000;\"><span style=\"font-size: large;\">Specyfikacja techniczna<\/span><\/span><\/strong>[\/vc_column_text][vc_empty_space][vc_single_image image=&#8221;1647&#8243; img_size=&#8221;full&#8221; onclick=&#8221;link_image&#8221; qode_css_animation=&#8221;&#8221;][vc_empty_space][vc_column_text]<\/p>\n<p class=\"western\">\u2022 Rozrzut w lewo i w prawo<br \/>\n\u2022 Lemiesz i wzmocnienia \u015bcielarki wykonane ze stali Hardox<br \/>\n\u2022 Wymagana jest jedna sekcja hydrauliczna podw\u00f3jnego dzia\u0142ania<br \/>\n\u2022 Silniki hydrauliczne z elastycznymi z\u0142\u0105czami (sprz\u0119g\u0142em gumowym) i zaworem przeci\u0105\u017ceniowy<br \/>\n\u2022 R\u0119cznie regulowane zawory dozuj\u0105ce<br \/>\n\u2022 Du\u017cy wa\u0142ek \u015blimakowy na dnie \u0142y\u017cki<br \/>\n\u2022 Przeno\u015bnik ta\u015bmowy z zgarniaczami i uszczelnionymi kraw\u0119dziami<br \/>\n\u2022 Wa\u0142ki nap\u0119dzaj\u0105ce pokryte gum\u0105<br \/>\n\u2022 Malowane proszkowo farb\u0105 podk\u0142adow\u0105 i nawierzchniow\u0105<\/p>\n<p class=\"western\"><strong>Opcje<\/strong><\/p>\n<p class=\"western\">\u2022 Sk\u0142adana szczotka do zamiatania po lewej lub prawej stronie<br \/>\n\u2022 Zgarniacz obornika pod maszyn\u0105<br \/>\n\u2022 Regulator przep\u0142ywu oleju (wymagany, gdy maszyna nap\u0119dowa przekracza maksymalny przep\u0142yw)<\/p>\n<p>[\/vc_column_text][vc_empty_space][\/vc_column][vc_column width=&#8221;1\/2&#8243;][vc_single_image image=&#8221;1654&#8243; img_size=&#8221;400&#215;250&#8243; alignment=&#8221;center&#8221; qode_css_animation=&#8221;&#8221;][vc_empty_space][vc_single_image image=&#8221;1658&#8243; img_size=&#8221;400&#215;250&#8243; alignment=&#8221;center&#8221; qode_css_animation=&#8221;&#8221;][vc_empty_space][\/vc_column][\/vc_row][vc_row css_animation=&#8221;&#8221; row_type=&#8221;row&#8221; use_row_as_full_screen_section=&#8221;no&#8221; type=&#8221;full_width&#8221; angled_section=&#8221;no&#8221; text_align=&#8221;left&#8221; background_image_as_pattern=&#8221;without_pattern&#8221;][vc_column]<div class='qode_image_gallery_no_space light highlight_active'><div class='qode_image_gallery_holder' style='height: 200px;'><ul  ><li  ><div style=\"height: 200px; width:301px;\"><a itemprop=\"image\" class=\"prettyphoto\" data-rel=\"prettyPhoto[rel-831921481]\" href=\"http:\/\/scielarki.pl\/wp-content\/uploads\/2024\/03\/ZX-img-1856-fullscreen.jpg\"><img decoding=\"async\" itemprop=\"image\" src=\"http:\/\/scielarki.pl\/wp-content\/uploads\/2024\/03\/ZX-img-1856-fullscreen.jpg\" alt=\"\" \/><\/a><\/div><\/li><li  ><div style=\"height: 200px; width:300px;\"><a itemprop=\"image\" class=\"prettyphoto\" data-rel=\"prettyPhoto[rel-831921481]\" href=\"http:\/\/scielarki.pl\/wp-content\/uploads\/2024\/03\/ZX-IMG_1879-scaled.jpg\"><img decoding=\"async\" itemprop=\"image\" src=\"http:\/\/scielarki.pl\/wp-content\/uploads\/2024\/03\/ZX-IMG_1879-scaled.jpg\" alt=\"\" \/><\/a><\/div><\/li><li  ><div style=\"height: 200px; width:300px;\"><a itemprop=\"image\" class=\"prettyphoto\" data-rel=\"prettyPhoto[rel-831921481]\" href=\"http:\/\/scielarki.pl\/wp-content\/uploads\/2024\/03\/ZX-IMG_1875-scaled.jpg\"><img decoding=\"async\" itemprop=\"image\" src=\"http:\/\/scielarki.pl\/wp-content\/uploads\/2024\/03\/ZX-IMG_1875-scaled.jpg\" alt=\"\" \/><\/a><\/div><\/li><li  ><div style=\"height: 200px; width:300px;\"><a itemprop=\"image\" class=\"prettyphoto\" data-rel=\"prettyPhoto[rel-831921481]\" href=\"http:\/\/scielarki.pl\/wp-content\/uploads\/2024\/03\/ZX-IMG_1887-scaled.jpg\"><img decoding=\"async\" itemprop=\"image\" src=\"http:\/\/scielarki.pl\/wp-content\/uploads\/2024\/03\/ZX-IMG_1887-scaled.jpg\" alt=\"\" \/><\/a><\/div><\/li><li  ><div style=\"height: 200px; width:300px;\"><a itemprop=\"image\" class=\"prettyphoto\" data-rel=\"prettyPhoto[rel-831921481]\" href=\"http:\/\/scielarki.pl\/wp-content\/uploads\/2024\/03\/ZX-IMG_1873-scaled.jpg\"><img decoding=\"async\" itemprop=\"image\" src=\"http:\/\/scielarki.pl\/wp-content\/uploads\/2024\/03\/ZX-IMG_1873-scaled.jpg\" alt=\"\" \/><\/a><\/div><\/li><li  ><div style=\"height: 200px; width:300px;\"><a itemprop=\"image\" class=\"prettyphoto\" data-rel=\"prettyPhoto[rel-831921481]\" href=\"http:\/\/scielarki.pl\/wp-content\/uploads\/2024\/03\/ZX-IMG_1866-scaled.jpg\"><img decoding=\"async\" itemprop=\"image\" src=\"http:\/\/scielarki.pl\/wp-content\/uploads\/2024\/03\/ZX-IMG_1866-scaled.jpg\" alt=\"\" \/><\/a><\/div><\/li><li  ><div style=\"height: 200px; width:267px;\"><a itemprop=\"image\" class=\"prettyphoto\" data-rel=\"prettyPhoto[rel-831921481]\" href=\"http:\/\/scielarki.pl\/wp-content\/uploads\/2024\/03\/ZX-20130731_164803-1-scaled.jpg\"><img decoding=\"async\" itemprop=\"image\" src=\"http:\/\/scielarki.pl\/wp-content\/uploads\/2024\/03\/ZX-20130731_164803-1-scaled.jpg\" alt=\"\" \/><\/a><\/div><\/li><\/ul><\/div><div class=\"controls\"><a class=\"prev-slide\" href=\"#\"><span><i class=\"fa fa-angle-left\"><\/i><\/span><\/a><a class=\"next-slide\" href=\"#\"><span><i class=\"fa fa-angle-right\"><\/i><\/span><\/a><\/div><\/div>[\/vc_column][\/vc_row]<\/p>\n","protected":false},"excerpt":{"rendered":"<p>[vc_row css_animation=&#8221;&#8221; row_type=&#8221;row&#8221; use_row_as_full_screen_section=&#8221;no&#8221; type=&#8221;grid&#8221; angled_section=&#8221;no&#8221; text_align=&#8221;left&#8221; background_image_as_pattern=&#8221;without_pattern&#8221; z_index=&#8221;&#8221;][vc_column width=&#8221;1\/2&#8243;][vc_column_text]Typ ZX[\/vc_column_text][vc_empty_space][vc_column_text] Maszyna z serii ZX posiada dodatkowy wa\u0142ek \u015blimakowy w g\u00f3rnej cz\u0119\u015bci \u0142y\u017cki, pozwalaj\u0105c na prac\u0119 z materia\u0142ami, kt\u00f3re s\u0105 bardziej podatne na zawieszanie w maszynie. Silniki hydrauliczne maj\u0105 elastyczne sprz\u0119g\u0142a (sprz\u0119g\u0142em gumowym), a os\u0142on\u0119&#8230;<\/p>\n","protected":false},"author":1,"featured_media":0,"parent":0,"menu_order":0,"comment_status":"closed","ping_status":"closed","template":"","meta":{"footnotes":""},"_links":{"self":[{"href":"http:\/\/scielarki.pl\/index.php?rest_route=\/wp\/v2\/pages\/1089"}],"collection":[{"href":"http:\/\/scielarki.pl\/index.php?rest_route=\/wp\/v2\/pages"}],"about":[{"href":"http:\/\/scielarki.pl\/index.php?rest_route=\/wp\/v2\/types\/page"}],"author":[{"embeddable":true,"href":"http:\/\/scielarki.pl\/index.php?rest_route=\/wp\/v2\/users\/1"}],"replies":[{"embeddable":true,"href":"http:\/\/scielarki.pl\/index.php?rest_route=%2Fwp%2Fv2%2Fcomments&post=1089"}],"version-history":[{"count":17,"href":"http:\/\/scielarki.pl\/index.php?rest_route=\/wp\/v2\/pages\/1089\/revisions"}],"predecessor-version":[{"id":1648,"href":"http:\/\/scielarki.pl\/index.php?rest_route=\/wp\/v2\/pages\/1089\/revisions\/1648"}],"wp:attachment":[{"href":"http:\/\/scielarki.pl\/index.php?rest_route=%2Fwp%2Fv2%2Fmedia&parent=1089"}],"curies":[{"name":"wp","href":"https:\/\/api.w.org\/{rel}","templated":true}]}}