{"id":1092,"date":"2020-03-11T09:51:29","date_gmt":"2020-03-11T09:51:29","guid":{"rendered":"http:\/\/scielarki.pl\/?page_id=1092"},"modified":"2024-03-13T11:48:35","modified_gmt":"2024-03-13T11:48:35","slug":"typ-zxs","status":"publish","type":"page","link":"http:\/\/scielarki.pl\/?page_id=1092","title":{"rendered":"Typ ZXS"},"content":{"rendered":"<p>[vc_row css_animation=&#8221;&#8221; row_type=&#8221;row&#8221; use_row_as_full_screen_section=&#8221;no&#8221; type=&#8221;grid&#8221; angled_section=&#8221;no&#8221; text_align=&#8221;left&#8221; background_image_as_pattern=&#8221;without_pattern&#8221; z_index=&#8221;&#8221;][vc_column width=&#8221;1\/2&#8243;][vc_empty_space][vc_column_text]<strong><span style=\"color: #ee6c27;\"><span style=\"font-size: large;\">Typ ZXS<\/span><\/span><\/strong>[\/vc_column_text][vc_empty_space][vc_column_text]<\/p>\n<p class=\"western\">Maszyna ZXS jest rozbudowan\u0105 wersj\u0105 typu ZX. Dzi\u0119ki specjalnemu systemowi z trzema \u015blimakami w \u0142y\u017cce i mocnymi silnikami hydraulicznym, materia\u0142 w \u0142y\u017cce nie zawiesza si\u0119. Wysokoobrotowy przeno\u015bnik mo\u017ce rozrzuca\u0107 materia\u0142 bardzo szeroko. Tam, gdzie przy pewnych sytuacjach i niekt\u00f3rych maszynach nie by\u0142o wcze\u015bniej mo\u017cliwo\u015bci rozrzutu, wkracza ZXS. Przy wystarczaj\u0105cym przep\u0142ywu oleju mo\u017cliwy jest rozrzut na znaczne odleg\u0142o\u015bci. Wystarczy \u0142adowarka lub ci\u0105gnik o ma\u0142ym przep\u0142ywie oleju. \u0141y\u017cka ma r\u00f3wnie\u017c lepsz\u0105 konstrukcj\u0119, co znacznie u\u0142atwia \u0142adowanie. Maszyna ZXS nadaje si\u0119 do aplikacji trocin, rozdrobnionej i ci\u0119tej s\u0142omy, seperatu i ko\u0144skiego obornika (z trocinami).<\/p>\n<p>[\/vc_column_text][vc_empty_space][vc_column_text]<strong><span style=\"color: #000000;\"><span style=\"font-size: large;\">Specyfikacja techniczna<\/span><\/span><\/strong>[\/vc_column_text][vc_empty_space][vc_single_image image=&#8221;1676&#8243; img_size=&#8221;full&#8221; alignment=&#8221;center&#8221; onclick=&#8221;link_image&#8221; qode_css_animation=&#8221;&#8221;][vc_empty_space][vc_column_text]<\/p>\n<p class=\"western\">\u2022 Rozrzut w lewo i w prawo<br \/>\n\u2022 Lemiesz i wzmocnienia \u015bcielarki wykonane ze stali Hardox<br \/>\n\u2022 Wymagana jest jedna sekcja hydrauliczna podw\u00f3jnego dzia\u0142ania<br \/>\n\u2022 Silniki hydrauliczne z elastycznymi z\u0142\u0105czami (sprz\u0119g\u0142em gumowym) i zaworem przeci\u0105\u017ceniowy<br \/>\n\u2022 R\u0119cznie regulowane zawory dozuj\u0105ce<br \/>\n\u2022 Du\u017cy wa\u0142ek \u015blimakowy na dnie \u0142y\u017cki<br \/>\n\u2022 Przeno\u015bnik ta\u015bmowy z zgarniaczami i uszczelnionymi kraw\u0119dziami<br \/>\n\u2022 Wa\u0142ki nap\u0119dzaj\u0105ce pokryte gum\u0105<br \/>\n\u2022 Malowane proszkowo farb\u0105 podk\u0142adow\u0105 i nawierzchniow\u0105<\/p>\n<p class=\"western\"><strong>Opcje<\/strong><\/p>\n<p class=\"western\">\u2022 Straight beam \u2013 umo\u017cliwia on aplikacje produktu (oko\u0142o 95%) na odleg\u0142o\u015b\u0107 5-6 m bez wcze\u015bniejszych spad\u00f3w materia\u0142u<br \/>\n\u2022 Regulowane dolne p\u0142yty do precyzyjnego rozrzucenia nawet bardzo ma\u0142ych ilo\u015bci wy\u015bci\u00f3\u0142ki.<br \/>\n(tych opcji nie mo\u017cna \u0142\u0105czy\u0107)<br \/>\n\u2022 Zgarniacz obornika pod maszyn\u0105<br \/>\n\u2022 Regulator przep\u0142ywu oleju (wymagany, gdy maszyna nap\u0119dowa przekracza maksymalny przep\u0142yw)<\/p>\n<p>[\/vc_column_text][vc_empty_space][\/vc_column][vc_column width=&#8221;1\/2&#8243;][vc_empty_space][vc_single_image image=&#8221;1681&#8243; img_size=&#8221;400&#215;250&#8243; alignment=&#8221;center&#8221; qode_css_animation=&#8221;&#8221;][vc_empty_space][vc_single_image image=&#8221;1682&#8243; img_size=&#8221;400&#215;250&#8243; alignment=&#8221;center&#8221; qode_css_animation=&#8221;&#8221;][vc_empty_space][vc_single_image image=&#8221;1683&#8243; img_size=&#8221;400&#215;250&#8243; alignment=&#8221;center&#8221; qode_css_animation=&#8221;&#8221;][\/vc_column][\/vc_row][vc_row css_animation=&#8221;&#8221; row_type=&#8221;row&#8221; use_row_as_full_screen_section=&#8221;no&#8221; type=&#8221;full_width&#8221; angled_section=&#8221;no&#8221; text_align=&#8221;left&#8221; background_image_as_pattern=&#8221;without_pattern&#8221;][vc_column]<div class='qode_image_gallery_no_space light highlight_active'><div class='qode_image_gallery_holder' style='height: 200px;'><ul  ><li  ><div style=\"height: 200px; width:267px;\"><a itemprop=\"image\" class=\"prettyphoto\" data-rel=\"prettyPhoto[rel-462894819]\" href=\"http:\/\/scielarki.pl\/wp-content\/uploads\/2024\/03\/ZXS-7.jpg\"><img decoding=\"async\" itemprop=\"image\" src=\"http:\/\/scielarki.pl\/wp-content\/uploads\/2024\/03\/ZXS-7.jpg\" alt=\"\" \/><\/a><\/div><\/li><li  ><div style=\"height: 200px; width:267px;\"><a itemprop=\"image\" class=\"prettyphoto\" data-rel=\"prettyPhoto[rel-462894819]\" href=\"http:\/\/scielarki.pl\/wp-content\/uploads\/2024\/03\/ZXS-6.jpg\"><img decoding=\"async\" itemprop=\"image\" src=\"http:\/\/scielarki.pl\/wp-content\/uploads\/2024\/03\/ZXS-6.jpg\" alt=\"\" \/><\/a><\/div><\/li><li  ><div style=\"height: 200px; width:267px;\"><a itemprop=\"image\" class=\"prettyphoto\" data-rel=\"prettyPhoto[rel-462894819]\" href=\"http:\/\/scielarki.pl\/wp-content\/uploads\/2024\/03\/ZXS-5.jpg\"><img decoding=\"async\" itemprop=\"image\" src=\"http:\/\/scielarki.pl\/wp-content\/uploads\/2024\/03\/ZXS-5.jpg\" alt=\"\" \/><\/a><\/div><\/li><li  ><div style=\"height: 200px; width:267px;\"><a itemprop=\"image\" class=\"prettyphoto\" data-rel=\"prettyPhoto[rel-462894819]\" href=\"http:\/\/scielarki.pl\/wp-content\/uploads\/2024\/03\/ZXS-4.jpg\"><img decoding=\"async\" itemprop=\"image\" src=\"http:\/\/scielarki.pl\/wp-content\/uploads\/2024\/03\/ZXS-4.jpg\" alt=\"\" \/><\/a><\/div><\/li><li  ><div style=\"height: 200px; width:267px;\"><a itemprop=\"image\" class=\"prettyphoto\" data-rel=\"prettyPhoto[rel-462894819]\" href=\"http:\/\/scielarki.pl\/wp-content\/uploads\/2024\/03\/ZXS-3-scaled.jpg\"><img decoding=\"async\" itemprop=\"image\" src=\"http:\/\/scielarki.pl\/wp-content\/uploads\/2024\/03\/ZXS-3-scaled.jpg\" alt=\"\" \/><\/a><\/div><\/li><li  ><div style=\"height: 200px; width:267px;\"><a itemprop=\"image\" class=\"prettyphoto\" data-rel=\"prettyPhoto[rel-462894819]\" href=\"http:\/\/scielarki.pl\/wp-content\/uploads\/2024\/03\/ZXS-2-scaled.jpg\"><img decoding=\"async\" itemprop=\"image\" src=\"http:\/\/scielarki.pl\/wp-content\/uploads\/2024\/03\/ZXS-2-scaled.jpg\" alt=\"\" \/><\/a><\/div><\/li><li  ><div style=\"height: 200px; width:267px;\"><a itemprop=\"image\" class=\"prettyphoto\" data-rel=\"prettyPhoto[rel-462894819]\" href=\"http:\/\/scielarki.pl\/wp-content\/uploads\/2024\/03\/ZXS-1-scaled.jpg\"><img decoding=\"async\" itemprop=\"image\" src=\"http:\/\/scielarki.pl\/wp-content\/uploads\/2024\/03\/ZXS-1-scaled.jpg\" alt=\"\" \/><\/a><\/div><\/li><\/ul><\/div><div class=\"controls\"><a class=\"prev-slide\" href=\"#\"><span><i class=\"fa fa-angle-left\"><\/i><\/span><\/a><a class=\"next-slide\" href=\"#\"><span><i class=\"fa fa-angle-right\"><\/i><\/span><\/a><\/div><\/div>[\/vc_column][\/vc_row]<\/p>\n","protected":false},"excerpt":{"rendered":"<p>[vc_row css_animation=&#8221;&#8221; row_type=&#8221;row&#8221; use_row_as_full_screen_section=&#8221;no&#8221; type=&#8221;grid&#8221; angled_section=&#8221;no&#8221; text_align=&#8221;left&#8221; background_image_as_pattern=&#8221;without_pattern&#8221; z_index=&#8221;&#8221;][vc_column width=&#8221;1\/2&#8243;][vc_empty_space][vc_column_text]Typ ZXS[\/vc_column_text][vc_empty_space][vc_column_text] Maszyna ZXS jest rozbudowan\u0105 wersj\u0105 typu ZX. Dzi\u0119ki specjalnemu systemowi z trzema \u015blimakami w \u0142y\u017cce i mocnymi silnikami hydraulicznym, materia\u0142 w \u0142y\u017cce nie zawiesza si\u0119. Wysokoobrotowy przeno\u015bnik mo\u017ce rozrzuca\u0107 materia\u0142 bardzo szeroko. Tam, gdzie&#8230;<\/p>\n","protected":false},"author":1,"featured_media":0,"parent":0,"menu_order":0,"comment_status":"closed","ping_status":"closed","template":"","meta":{"footnotes":""},"_links":{"self":[{"href":"http:\/\/scielarki.pl\/index.php?rest_route=\/wp\/v2\/pages\/1092"}],"collection":[{"href":"http:\/\/scielarki.pl\/index.php?rest_route=\/wp\/v2\/pages"}],"about":[{"href":"http:\/\/scielarki.pl\/index.php?rest_route=\/wp\/v2\/types\/page"}],"author":[{"embeddable":true,"href":"http:\/\/scielarki.pl\/index.php?rest_route=\/wp\/v2\/users\/1"}],"replies":[{"embeddable":true,"href":"http:\/\/scielarki.pl\/index.php?rest_route=%2Fwp%2Fv2%2Fcomments&post=1092"}],"version-history":[{"count":6,"href":"http:\/\/scielarki.pl\/index.php?rest_route=\/wp\/v2\/pages\/1092\/revisions"}],"predecessor-version":[{"id":1686,"href":"http:\/\/scielarki.pl\/index.php?rest_route=\/wp\/v2\/pages\/1092\/revisions\/1686"}],"wp:attachment":[{"href":"http:\/\/scielarki.pl\/index.php?rest_route=%2Fwp%2Fv2%2Fmedia&parent=1092"}],"curies":[{"name":"wp","href":"https:\/\/api.w.org\/{rel}","templated":true}]}}