{"id":1095,"date":"2020-03-11T10:13:00","date_gmt":"2020-03-11T10:13:00","guid":{"rendered":"http:\/\/scielarki.pl\/?page_id=1095"},"modified":"2024-03-07T13:03:59","modified_gmt":"2024-03-07T13:03:59","slug":"typ-kss","status":"publish","type":"page","link":"http:\/\/scielarki.pl\/?page_id=1095","title":{"rendered":"Typ KSS"},"content":{"rendered":"<p>[vc_row css_animation=&#8221;&#8221; row_type=&#8221;row&#8221; use_row_as_full_screen_section=&#8221;no&#8221; type=&#8221;full_width&#8221; angled_section=&#8221;no&#8221; text_align=&#8221;left&#8221; background_image_as_pattern=&#8221;without_pattern&#8221;][vc_column][vc_column_text]<\/p>\n<h1><span style=\"color: #ff6600;\">\u015acielarka typ KSS<\/span><\/h1>\n<p>[\/vc_column_text][\/vc_column][\/vc_row][vc_row css_animation=&#8221;&#8221; row_type=&#8221;row&#8221; use_row_as_full_screen_section=&#8221;no&#8221; type=&#8221;grid&#8221; angled_section=&#8221;no&#8221; text_align=&#8221;left&#8221; background_image_as_pattern=&#8221;without_pattern&#8221; z_index=&#8221;&#8221;][vc_column width=&#8221;1\/2&#8243;][vc_empty_space][vc_column_text]<\/p>\n<p class=\"western\">Ta wszechstronna maszyna jest przeznaczona do rozprowadzania ci\u0119\u017cszych i trudniejszych do przetworzenia rodzaj\u00f3w \u015bci\u00f3\u0142ek, takich jak ko\u0144ski obornik lub mieszaniny wapno\/woda\/s\u0142oma. \u0141y\u017cka ma specjalny kszta\u0142t, aby materia\u0142 wy\u015bci\u00f3\u0142ki \u0142atwo si\u0119 obsypywa\u0142. Dwa oddzielnie nap\u0119dzane wa\u0142ki dozuj\u0105ce z silnikami hydraulicznymi o du\u017cej wytrzyma\u0142o\u015bci zapobiegaj\u0105 zawieszaniu si\u0119. \u015acielarka mo\u017ce aplikowa\u0107 trociny, posiekan\u0105 s\u0142om\u0119, separat, obornik ko\u0144ski, wapno i mieszanin\u0119 wapna\/wody\/s\u0142omy (z wyj\u0105tkiem maszyn typu KSS 2000 i 2500).<br \/>\nDo aplikacji seperatu, czystego wapna i pelletu ze s\u0142omy wymagana jest opcjonalna regulowana p\u0142yta dolna.<\/p>\n<p>[\/vc_column_text][vc_empty_space][vc_column_text]<\/p>\n<p class=\"western\"><strong>Specyfikacja techniczna:<\/strong><\/p>\n<p>[\/vc_column_text][vc_single_image image=&#8221;1627&#8243; img_size=&#8221;large&#8221; alignment=&#8221;center&#8221; onclick=&#8221;link_image&#8221; qode_css_animation=&#8221;&#8221;][vc_empty_space][vc_column_text]<\/p>\n<p class=\"western\">\u2022 Rozrzut w lewo i w prawo<br \/>\n\u2022 Lemiesz i wzmocnienia \u015bcielarki wykonane ze stali Hardox<br \/>\n\u2022 Wymagana jest jedna sekcja hydrauliczna podw\u00f3jnego dzia\u0142ania<br \/>\n\u2022 Silniki hydrauliczne z elastycznymi z\u0142\u0105czami (sprz\u0119g\u0142em gumowym) i zaworem przeci\u0105\u017ceniowym<br \/>\n\u2022 Dwa du\u017ce wa\u0142ki dozuj\u0105ce w dolnej cz\u0119\u015bci \u015bcielarki, wyposa\u017cone w silniki hydrauliczne o du\u017cej wytrzyma\u0142o\u015bci<br \/>\n\u2022 Przeno\u015bnik z uszczelnionymi kraw\u0119dziami i skrobakiem<br \/>\n\u2022 Wa\u0142ki nap\u0119dzaj\u0105ce pokryte gum\u0105<br \/>\n\u2022 Malowane proszkowo farb\u0105 podk\u0142adow\u0105 i nawierzchniow\u0105<\/p>\n<p>&nbsp;<\/p>\n<p class=\"western\"><strong>Opcje<\/strong><\/p>\n<p class=\"western\">\u2022 Zdejmowana regulowana dolna p\u0142yta<br \/>\n\u2022 Hydrauliczna kontrola pr\u0119dko\u015bci przeno\u015bnika po lewej lub prawej stronie<br \/>\n\u2022 Zgarniacz obornika pod maszyn\u0105<br \/>\n\u2022 Regulator przep\u0142ywu oleju (wymagany, gdy maszyna nap\u0119dowa przekracza maksymalny przep\u0142yw)<\/p>\n<p>[\/vc_column_text][vc_empty_space][\/vc_column][vc_column width=&#8221;1\/2&#8243;][vc_empty_space][vc_single_image image=&#8221;948&#8243; img_size=&#8221;450&#215;300&#8243; alignment=&#8221;center&#8221; onclick=&#8221;link_image&#8221; qode_css_animation=&#8221;&#8221;][vc_empty_space][vc_empty_space][vc_video link=&#8221;https:\/\/www.youtube.com\/watch?v=iFpa2WsObYk&amp;t=5s&#8221; el_width=&#8221;70&#8243; align=&#8221;center&#8221;][vc_empty_space][vc_empty_space][vc_video link=&#8221;https:\/\/www.youtube.com\/watch?v=3mHDjbft5MQ&#8221; el_width=&#8221;70&#8243; align=&#8221;center&#8221;][\/vc_column][\/vc_row][vc_row css_animation=&#8221;&#8221; row_type=&#8221;row&#8221; use_row_as_full_screen_section=&#8221;no&#8221; type=&#8221;full_width&#8221; angled_section=&#8221;no&#8221; text_align=&#8221;left&#8221; background_image_as_pattern=&#8221;without_pattern&#8221;][vc_column]<div class='qode_image_gallery_no_space light highlight_active'><div class='qode_image_gallery_holder' style='height: 400px;'><ul  ><li  ><div style=\"height: 400px; width:534px;\"><a itemprop=\"image\" class=\"prettyphoto\" data-rel=\"prettyPhoto[rel-576475607]\" href=\"http:\/\/scielarki.pl\/wp-content\/uploads\/2019\/11\/20141203-162057-fullscreen.jpg\"><img decoding=\"async\" itemprop=\"image\" src=\"http:\/\/scielarki.pl\/wp-content\/uploads\/2019\/11\/20141203-162057-fullscreen.jpg\" alt=\"\" \/><\/a><\/div><\/li><li  ><div style=\"height: 400px; width:534px;\"><a itemprop=\"image\" class=\"prettyphoto\" data-rel=\"prettyPhoto[rel-576475607]\" href=\"http:\/\/scielarki.pl\/wp-content\/uploads\/2019\/11\/20141203-145059-fullscreen.jpg\"><img decoding=\"async\" itemprop=\"image\" src=\"http:\/\/scielarki.pl\/wp-content\/uploads\/2019\/11\/20141203-145059-fullscreen.jpg\" alt=\"\" \/><\/a><\/div><\/li><li  ><div style=\"height: 400px; width:534px;\"><a itemprop=\"image\" class=\"prettyphoto\" data-rel=\"prettyPhoto[rel-576475607]\" href=\"http:\/\/scielarki.pl\/wp-content\/uploads\/2019\/11\/ks-1800-bewerkt-fullscreen.jpg\"><img decoding=\"async\" itemprop=\"image\" src=\"http:\/\/scielarki.pl\/wp-content\/uploads\/2019\/11\/ks-1800-bewerkt-fullscreen.jpg\" alt=\"\" \/><\/a><\/div><\/li><li  ><div style=\"height: 400px; width:534px;\"><a itemprop=\"image\" class=\"prettyphoto\" data-rel=\"prettyPhoto[rel-576475607]\" href=\"http:\/\/scielarki.pl\/wp-content\/uploads\/2019\/11\/100-1904-fullscreen-1.jpg\"><img decoding=\"async\" itemprop=\"image\" src=\"http:\/\/scielarki.pl\/wp-content\/uploads\/2019\/11\/100-1904-fullscreen-1.jpg\" alt=\"\" \/><\/a><\/div><\/li><li  ><div style=\"height: 400px; width:534px;\"><a itemprop=\"image\" class=\"prettyphoto\" data-rel=\"prettyPhoto[rel-576475607]\" href=\"http:\/\/scielarki.pl\/wp-content\/uploads\/2019\/11\/100-2290-bewerkt-fullscreen.jpg\"><img decoding=\"async\" itemprop=\"image\" src=\"http:\/\/scielarki.pl\/wp-content\/uploads\/2019\/11\/100-2290-bewerkt-fullscreen.jpg\" alt=\"\" \/><\/a><\/div><\/li><li  ><div style=\"height: 400px; width:534px;\"><a itemprop=\"image\" class=\"prettyphoto\" data-rel=\"prettyPhoto[rel-576475607]\" href=\"http:\/\/scielarki.pl\/wp-content\/uploads\/2019\/11\/100-3562-fullscreen.jpg\"><img decoding=\"async\" itemprop=\"image\" src=\"http:\/\/scielarki.pl\/wp-content\/uploads\/2019\/11\/100-3562-fullscreen.jpg\" alt=\"\" \/><\/a><\/div><\/li><li  ><div style=\"height: 400px; width:534px;\"><a itemprop=\"image\" class=\"prettyphoto\" data-rel=\"prettyPhoto[rel-576475607]\" href=\"http:\/\/scielarki.pl\/wp-content\/uploads\/2019\/11\/100-3574-fullscreen.jpg\"><img decoding=\"async\" itemprop=\"image\" src=\"http:\/\/scielarki.pl\/wp-content\/uploads\/2019\/11\/100-3574-fullscreen.jpg\" alt=\"\" \/><\/a><\/div><\/li><li  ><div style=\"height: 400px; width:534px;\"><a itemprop=\"image\" class=\"prettyphoto\" data-rel=\"prettyPhoto[rel-576475607]\" href=\"http:\/\/scielarki.pl\/wp-content\/uploads\/2020\/03\/20181011_100632.jpg\"><img decoding=\"async\" itemprop=\"image\" src=\"http:\/\/scielarki.pl\/wp-content\/uploads\/2020\/03\/20181011_100632.jpg\" alt=\"\" \/><\/a><\/div><\/li><li  ><div style=\"height: 400px; width:712px;\"><a itemprop=\"image\" class=\"prettyphoto\" data-rel=\"prettyPhoto[rel-576475607]\" href=\"http:\/\/scielarki.pl\/wp-content\/uploads\/2020\/03\/34638488_1827559923931154_6228122588346843136_o.jpg\"><img decoding=\"async\" itemprop=\"image\" src=\"http:\/\/scielarki.pl\/wp-content\/uploads\/2020\/03\/34638488_1827559923931154_6228122588346843136_o.jpg\" alt=\"\" \/><\/a><\/div><\/li><li  ><div style=\"height: 400px; width:600px;\"><a itemprop=\"image\" class=\"prettyphoto\" data-rel=\"prettyPhoto[rel-576475607]\" href=\"http:\/\/scielarki.pl\/wp-content\/uploads\/2020\/03\/IMG_2467.jpg\"><img decoding=\"async\" itemprop=\"image\" src=\"http:\/\/scielarki.pl\/wp-content\/uploads\/2020\/03\/IMG_2467.jpg\" alt=\"\" \/><\/a><\/div><\/li><li  ><div style=\"height: 400px; width:600px;\"><a itemprop=\"image\" class=\"prettyphoto\" data-rel=\"prettyPhoto[rel-576475607]\" href=\"http:\/\/scielarki.pl\/wp-content\/uploads\/2020\/03\/IMG_2861.jpg\"><img decoding=\"async\" itemprop=\"image\" src=\"http:\/\/scielarki.pl\/wp-content\/uploads\/2020\/03\/IMG_2861.jpg\" alt=\"\" \/><\/a><\/div><\/li><\/ul><\/div><div class=\"controls\"><a class=\"prev-slide\" href=\"#\"><span><i class=\"fa fa-angle-left\"><\/i><\/span><\/a><a class=\"next-slide\" href=\"#\"><span><i class=\"fa fa-angle-right\"><\/i><\/span><\/a><\/div><\/div>[\/vc_column][\/vc_row]<\/p>\n","protected":false},"excerpt":{"rendered":"<p>[vc_row css_animation=&#8221;&#8221; row_type=&#8221;row&#8221; use_row_as_full_screen_section=&#8221;no&#8221; type=&#8221;full_width&#8221; angled_section=&#8221;no&#8221; text_align=&#8221;left&#8221; background_image_as_pattern=&#8221;without_pattern&#8221;][vc_column][vc_column_text] \u015acielarka typ KSS [\/vc_column_text][\/vc_column][\/vc_row][vc_row css_animation=&#8221;&#8221; row_type=&#8221;row&#8221; use_row_as_full_screen_section=&#8221;no&#8221; type=&#8221;grid&#8221; angled_section=&#8221;no&#8221; text_align=&#8221;left&#8221; background_image_as_pattern=&#8221;without_pattern&#8221; z_index=&#8221;&#8221;][vc_column width=&#8221;1\/2&#8243;][vc_empty_space][vc_column_text] Ta wszechstronna maszyna jest przeznaczona do rozprowadzania ci\u0119\u017cszych i trudniejszych do przetworzenia rodzaj\u00f3w \u015bci\u00f3\u0142ek, takich jak ko\u0144ski obornik lub mieszaniny wapno\/woda\/s\u0142oma. \u0141y\u017cka ma specjalny&#8230;<\/p>\n","protected":false},"author":1,"featured_media":0,"parent":0,"menu_order":0,"comment_status":"closed","ping_status":"closed","template":"","meta":{"footnotes":""},"_links":{"self":[{"href":"http:\/\/scielarki.pl\/index.php?rest_route=\/wp\/v2\/pages\/1095"}],"collection":[{"href":"http:\/\/scielarki.pl\/index.php?rest_route=\/wp\/v2\/pages"}],"about":[{"href":"http:\/\/scielarki.pl\/index.php?rest_route=\/wp\/v2\/types\/page"}],"author":[{"embeddable":true,"href":"http:\/\/scielarki.pl\/index.php?rest_route=\/wp\/v2\/users\/1"}],"replies":[{"embeddable":true,"href":"http:\/\/scielarki.pl\/index.php?rest_route=%2Fwp%2Fv2%2Fcomments&post=1095"}],"version-history":[{"count":28,"href":"http:\/\/scielarki.pl\/index.php?rest_route=\/wp\/v2\/pages\/1095\/revisions"}],"predecessor-version":[{"id":1258,"href":"http:\/\/scielarki.pl\/index.php?rest_route=\/wp\/v2\/pages\/1095\/revisions\/1258"}],"wp:attachment":[{"href":"http:\/\/scielarki.pl\/index.php?rest_route=%2Fwp%2Fv2%2Fmedia&parent=1095"}],"curies":[{"name":"wp","href":"https:\/\/api.w.org\/{rel}","templated":true}]}}