{"id":1101,"date":"2020-03-11T10:23:15","date_gmt":"2020-03-11T10:23:15","guid":{"rendered":"http:\/\/scielarki.pl\/?page_id=1101"},"modified":"2024-03-14T13:44:45","modified_gmt":"2024-03-14T13:44:45","slug":"typ-bs-do-kurnika","status":"publish","type":"page","link":"http:\/\/scielarki.pl\/?page_id=1101","title":{"rendered":"Typ BS do kurnika"},"content":{"rendered":"<p>[vc_row css_animation=&#8221;&#8221; row_type=&#8221;row&#8221; use_row_as_full_screen_section=&#8221;no&#8221; type=&#8221;full_width&#8221; angled_section=&#8221;no&#8221; text_align=&#8221;left&#8221; background_image_as_pattern=&#8221;without_pattern&#8221;][vc_column][vc_column_text]<\/p>\n<h1><span style=\"color: #ff6600;\">\u015acielarka typ BS<\/span><\/h1>\n<p>[\/vc_column_text][\/vc_column][\/vc_row][vc_row css_animation=&#8221;&#8221; row_type=&#8221;row&#8221; use_row_as_full_screen_section=&#8221;no&#8221; type=&#8221;grid&#8221; angled_section=&#8221;no&#8221; text_align=&#8221;left&#8221; background_image_as_pattern=&#8221;without_pattern&#8221; z_index=&#8221;&#8221;][vc_column width=&#8221;1\/2&#8243;][vc_empty_space][vc_column_text]<\/p>\n<p class=\"western\">\u015acielarka BS jest przeznaczona do rozprowadzania cienkiej warstwy trocin, wi\u00f3r\u00f3w drzewnych, rozdrobnionej \/ posiekanej s\u0142omy, pelletu ze s\u0142omy lub torfu w kurnikach. Maszyna posiada dwa talerze rozprowadzaj\u0105ce nap\u0119dzane hydraulicznie, kt\u00f3re aplikuj\u0105 \u015bci\u00f3\u0142k\u0119 na szeroko\u015bci od 5 do 6 metr\u00f3w. Dostarczanie materia\u0142u do talerzy rozprowadzaj\u0105cych odbywa si\u0119 za pomoc\u0105 dw\u00f3ch wa\u0142k\u00f3w \u015blimakowych, kt\u00f3re przenosz\u0105 materia\u0142 wy\u015bci\u00f3\u0142ki przez \u0142y\u017ck\u0119 na talerze. Ilo\u015b\u0107 \u015bci\u00f3\u0142ki mo\u017cna dozowa\u0107 za pomoc\u0105 dw\u00f3ch regulowanych otwor\u00f3w nad talerzami. Obok talerzy znajduj\u0105 si\u0119 p\u0142yty regulacyjne, kt\u00f3re precyzyjnie dostosowuj\u0105 szeroko\u015b\u0107 rozrzutu, niezale\u017cnie od rodzaju aplikowanej \u015bci\u00f3\u0142ki.<br \/>\n\u015acielarka BS bardzo precyzyjnie rozprowadza materia\u0142, tworz\u0105c idealn\u0105 wy\u015bci\u00f3\u0142k\u0119 dla drobiu.<\/p>\n<p>[\/vc_column_text][vc_empty_space][vc_single_image image=&#8221;1759&#8243; img_size=&#8221;full&#8221; alignment=&#8221;center&#8221; qode_css_animation=&#8221;&#8221;][vc_empty_space][vc_column_text]<\/p>\n<p class=\"western\">\u2022 Odpowiedni do dystrybucji trocin, rozdrobnionej\/posiekanej s\u0142omy, pelletu ze s\u0142omy i torfu<br \/>\n\u2022 Dwa rozrzucaj\u0105ce talerze nap\u0119dzane oddzielnie<br \/>\n\u2022 Dwa wa\u0142ki dozuj\u0105ce<br \/>\n\u2022 Regulacja rozrzutu<br \/>\n\u2022 Wymagana jest jedna sekcja hydrauliczna pojedynczego lub podw\u00f3jnego dzia\u0142ania<br \/>\n\u2022 Lemiesz i wzmocnienia \u015bcielarki wykonane ze stali Hardox<br \/>\n\u2022 Silniki hydrauliczne z elastycznymi z\u0142\u0105czami (sprz\u0119g\u0142em gumowym) i zaworami przelewowymi<br \/>\n\u2022 Malowane proszkowo farb\u0105 podk\u0142adow\u0105 i nawierzchniow\u0105<\/p>\n<p class=\"western\"><strong>Opcje<\/strong><br \/>\n\u2022 Regulowana pr\u0119dko\u015b\u0107 wa\u0142k\u00f3w dozuj\u0105cych (do precyzyjnego rozprowadzania drobnych materia\u0142\u00f3w, takich jak pellet ze s\u0142omy)<br \/>\n\u2022 Regulator przep\u0142ywu oleju (wymagany, gdy maszyna nap\u0119dowa przekracza maksymalny przep\u0142yw)<\/p>\n<p>[\/vc_column_text][vc_empty_space][\/vc_column][vc_column width=&#8221;1\/2&#8243;][vc_single_image image=&#8221;1748&#8243; img_size=&#8221;400&#215;250&#8243; alignment=&#8221;center&#8221; onclick=&#8221;link_image&#8221; qode_css_animation=&#8221;&#8221;][vc_empty_space][vc_single_image image=&#8221;1746&#8243; img_size=&#8221;400&#215;250&#8243; alignment=&#8221;center&#8221; onclick=&#8221;link_image&#8221; qode_css_animation=&#8221;&#8221;][vc_empty_space][vc_single_image image=&#8221;1750&#8243; img_size=&#8221;400&#215;250&#8243; alignment=&#8221;center&#8221; onclick=&#8221;link_image&#8221; qode_css_animation=&#8221;&#8221;][vc_empty_space][vc_video link=&#8221;https:\/\/www.youtube.com\/watch?v=x8Xh8A2mlt8&amp;feature=emb_logo&#8221; el_width=&#8221;70&#8243; align=&#8221;center&#8221;][vc_empty_space][\/vc_column][\/vc_row][vc_row css_animation=&#8221;&#8221; row_type=&#8221;row&#8221; use_row_as_full_screen_section=&#8221;no&#8221; type=&#8221;full_width&#8221; angled_section=&#8221;no&#8221; text_align=&#8221;left&#8221; background_image_as_pattern=&#8221;without_pattern&#8221;][vc_column]<div class='qode_image_gallery_no_space light highlight_active'><div class='qode_image_gallery_holder' style='height: 200px;'><ul  ><li  ><div style=\"height: 200px; width:238px;\"><a itemprop=\"image\" class=\"prettyphoto\" data-rel=\"prettyPhoto[rel-1941461142]\" href=\"http:\/\/scielarki.pl\/wp-content\/uploads\/2024\/03\/BS11.jpg\"><img decoding=\"async\" itemprop=\"image\" src=\"http:\/\/scielarki.pl\/wp-content\/uploads\/2024\/03\/BS11.jpg\" alt=\"\" \/><\/a><\/div><\/li><li  ><div style=\"height: 200px; width:289px;\"><a itemprop=\"image\" class=\"prettyphoto\" data-rel=\"prettyPhoto[rel-1941461142]\" href=\"http:\/\/scielarki.pl\/wp-content\/uploads\/2024\/03\/BS10.jpg\"><img decoding=\"async\" itemprop=\"image\" src=\"http:\/\/scielarki.pl\/wp-content\/uploads\/2024\/03\/BS10.jpg\" alt=\"\" \/><\/a><\/div><\/li><li  ><div style=\"height: 200px; width:355px;\"><a itemprop=\"image\" class=\"prettyphoto\" data-rel=\"prettyPhoto[rel-1941461142]\" href=\"http:\/\/scielarki.pl\/wp-content\/uploads\/2024\/03\/BS9.jpg\"><img decoding=\"async\" itemprop=\"image\" src=\"http:\/\/scielarki.pl\/wp-content\/uploads\/2024\/03\/BS9.jpg\" alt=\"\" \/><\/a><\/div><\/li><li  ><div style=\"height: 200px; width:300px;\"><a itemprop=\"image\" class=\"prettyphoto\" data-rel=\"prettyPhoto[rel-1941461142]\" href=\"http:\/\/scielarki.pl\/wp-content\/uploads\/2024\/03\/BS8.jpg\"><img decoding=\"async\" itemprop=\"image\" src=\"http:\/\/scielarki.pl\/wp-content\/uploads\/2024\/03\/BS8.jpg\" alt=\"\" \/><\/a><\/div><\/li><li  ><div style=\"height: 200px; width:300px;\"><a itemprop=\"image\" class=\"prettyphoto\" data-rel=\"prettyPhoto[rel-1941461142]\" href=\"http:\/\/scielarki.pl\/wp-content\/uploads\/2024\/03\/BS7.jpg\"><img decoding=\"async\" itemprop=\"image\" src=\"http:\/\/scielarki.pl\/wp-content\/uploads\/2024\/03\/BS7.jpg\" alt=\"\" \/><\/a><\/div><\/li><li  ><div style=\"height: 200px; width:300px;\"><a itemprop=\"image\" class=\"prettyphoto\" data-rel=\"prettyPhoto[rel-1941461142]\" href=\"http:\/\/scielarki.pl\/wp-content\/uploads\/2024\/03\/BS6.jpg\"><img decoding=\"async\" itemprop=\"image\" src=\"http:\/\/scielarki.pl\/wp-content\/uploads\/2024\/03\/BS6.jpg\" alt=\"\" \/><\/a><\/div><\/li><li  ><div style=\"height: 200px; width:300px;\"><a itemprop=\"image\" class=\"prettyphoto\" data-rel=\"prettyPhoto[rel-1941461142]\" href=\"http:\/\/scielarki.pl\/wp-content\/uploads\/2024\/03\/BS4.jpg\"><img decoding=\"async\" itemprop=\"image\" src=\"http:\/\/scielarki.pl\/wp-content\/uploads\/2024\/03\/BS4.jpg\" alt=\"\" \/><\/a><\/div><\/li><li  ><div style=\"height: 200px; width:356px;\"><a itemprop=\"image\" class=\"prettyphoto\" data-rel=\"prettyPhoto[rel-1941461142]\" href=\"http:\/\/scielarki.pl\/wp-content\/uploads\/2024\/03\/BS3.jpg\"><img decoding=\"async\" itemprop=\"image\" src=\"http:\/\/scielarki.pl\/wp-content\/uploads\/2024\/03\/BS3.jpg\" alt=\"\" \/><\/a><\/div><\/li><li  ><div style=\"height: 200px; width:356px;\"><a itemprop=\"image\" class=\"prettyphoto\" data-rel=\"prettyPhoto[rel-1941461142]\" href=\"http:\/\/scielarki.pl\/wp-content\/uploads\/2024\/03\/BS2.jpg\"><img decoding=\"async\" itemprop=\"image\" src=\"http:\/\/scielarki.pl\/wp-content\/uploads\/2024\/03\/BS2.jpg\" alt=\"\" \/><\/a><\/div><\/li><li  ><div style=\"height: 200px; width:356px;\"><a itemprop=\"image\" class=\"prettyphoto\" data-rel=\"prettyPhoto[rel-1941461142]\" href=\"http:\/\/scielarki.pl\/wp-content\/uploads\/2024\/03\/BS1.jpg\"><img decoding=\"async\" itemprop=\"image\" src=\"http:\/\/scielarki.pl\/wp-content\/uploads\/2024\/03\/BS1.jpg\" alt=\"\" \/><\/a><\/div><\/li><li  ><div style=\"height: 200px; width:300px;\"><a itemprop=\"image\" class=\"prettyphoto\" data-rel=\"prettyPhoto[rel-1941461142]\" href=\"http:\/\/scielarki.pl\/wp-content\/uploads\/2024\/03\/BS5.jpg\"><img decoding=\"async\" itemprop=\"image\" src=\"http:\/\/scielarki.pl\/wp-content\/uploads\/2024\/03\/BS5.jpg\" alt=\"\" \/><\/a><\/div><\/li><\/ul><\/div><div class=\"controls\"><a class=\"prev-slide\" href=\"#\"><span><i class=\"fa fa-angle-left\"><\/i><\/span><\/a><a class=\"next-slide\" href=\"#\"><span><i class=\"fa fa-angle-right\"><\/i><\/span><\/a><\/div><\/div>[\/vc_column][\/vc_row]<\/p>\n","protected":false},"excerpt":{"rendered":"<p>[vc_row css_animation=&#8221;&#8221; row_type=&#8221;row&#8221; use_row_as_full_screen_section=&#8221;no&#8221; type=&#8221;full_width&#8221; angled_section=&#8221;no&#8221; text_align=&#8221;left&#8221; background_image_as_pattern=&#8221;without_pattern&#8221;][vc_column][vc_column_text] \u015acielarka typ BS [\/vc_column_text][\/vc_column][\/vc_row][vc_row css_animation=&#8221;&#8221; row_type=&#8221;row&#8221; use_row_as_full_screen_section=&#8221;no&#8221; type=&#8221;grid&#8221; angled_section=&#8221;no&#8221; text_align=&#8221;left&#8221; background_image_as_pattern=&#8221;without_pattern&#8221; z_index=&#8221;&#8221;][vc_column width=&#8221;1\/2&#8243;][vc_empty_space][vc_column_text] \u015acielarka BS jest przeznaczona do rozprowadzania cienkiej warstwy trocin, wi\u00f3r\u00f3w drzewnych, rozdrobnionej \/ posiekanej s\u0142omy, pelletu ze s\u0142omy lub torfu w kurnikach. Maszyna posiada&#8230;<\/p>\n","protected":false},"author":1,"featured_media":0,"parent":0,"menu_order":0,"comment_status":"closed","ping_status":"closed","template":"","meta":{"footnotes":""},"_links":{"self":[{"href":"http:\/\/scielarki.pl\/index.php?rest_route=\/wp\/v2\/pages\/1101"}],"collection":[{"href":"http:\/\/scielarki.pl\/index.php?rest_route=\/wp\/v2\/pages"}],"about":[{"href":"http:\/\/scielarki.pl\/index.php?rest_route=\/wp\/v2\/types\/page"}],"author":[{"embeddable":true,"href":"http:\/\/scielarki.pl\/index.php?rest_route=\/wp\/v2\/users\/1"}],"replies":[{"embeddable":true,"href":"http:\/\/scielarki.pl\/index.php?rest_route=%2Fwp%2Fv2%2Fcomments&post=1101"}],"version-history":[{"count":8,"href":"http:\/\/scielarki.pl\/index.php?rest_route=\/wp\/v2\/pages\/1101\/revisions"}],"predecessor-version":[{"id":1760,"href":"http:\/\/scielarki.pl\/index.php?rest_route=\/wp\/v2\/pages\/1101\/revisions\/1760"}],"wp:attachment":[{"href":"http:\/\/scielarki.pl\/index.php?rest_route=%2Fwp%2Fv2%2Fmedia&parent=1101"}],"curies":[{"name":"wp","href":"https:\/\/api.w.org\/{rel}","templated":true}]}}