{"id":1104,"date":"2020-03-11T11:23:57","date_gmt":"2020-03-11T11:23:57","guid":{"rendered":"http:\/\/scielarki.pl\/?page_id=1104"},"modified":"2024-03-14T14:19:27","modified_gmt":"2024-03-14T14:19:27","slug":"typ-ol","status":"publish","type":"page","link":"http:\/\/scielarki.pl\/?page_id=1104","title":{"rendered":"Typ OL"},"content":{"rendered":"<p>[vc_row css_animation=&#8221;&#8221; row_type=&#8221;row&#8221; use_row_as_full_screen_section=&#8221;no&#8221; type=&#8221;full_width&#8221; angled_section=&#8221;no&#8221; text_align=&#8221;left&#8221; background_image_as_pattern=&#8221;without_pattern&#8221;][vc_column][vc_column_text]<\/p>\n<h1><span style=\"color: #ff6600;\">\u015acielarka typ OL<\/span><\/h1>\n<p>[\/vc_column_text][\/vc_column][\/vc_row][vc_row css_animation=&#8221;&#8221; row_type=&#8221;row&#8221; use_row_as_full_screen_section=&#8221;no&#8221; type=&#8221;grid&#8221; angled_section=&#8221;no&#8221; text_align=&#8221;left&#8221; background_image_as_pattern=&#8221;without_pattern&#8221; z_index=&#8221;&#8221;][vc_column width=&#8221;1\/2&#8243;][vc_empty_space][vc_column_text]<\/p>\n<p class=\"western\">\u015acielarka typu dolnego Flingk OL mo\u017ce rozprowadza\u0107 \u015aci\u00f3\u0142k\u0119 na ca\u0142ej szeroko\u015bci maszyny. Jej dzia\u0142anie powoduje, \u017ce wok\u00f3\u0142 wytwarza si\u0119 jedynie niewielka ilo\u015b\u0107 py\u0142u.<br \/>\nAplikacj\u0105 odbywa si\u0119 przy pomocy wa\u0142ka nap\u0119dzanego hydraulicznie.<br \/>\nPr\u0119dko\u015b\u0107 wa\u0142ka mo\u017cna regulowa\u0107 w celu precyzyjnej kontroli \u015bcielenia. Dodatkowe wa\u0142ki w g\u00f3rnej oraz w dolnej cz\u0119\u015bci \u015bcielarki zapobiegaj\u0105 zawieszaniu si\u0119 i zapewniaj\u0105 sta\u0142y dop\u0142yw materia\u0142u na ca\u0142ej szeroko\u015bci \u0142y\u017cki.<br \/>\nPoniewa\u017c po lewej stronie \u0142y\u017cki znajduje si\u0119 zas\u00f3wa, mo\u017cliwe jest r\u00f3wnie\u017c rozrzucenie wy\u015bci\u00f3\u0142ki a\u017c do \u015bciany. \u015acielarka mo\u017ce rozprowadza\u0107 trociny \/ wi\u00f3ry drzewne, rozdrobnion\u0105 \/ posiekan\u0105 s\u0142om\u0119, torf i separat. Doskona\u0142a maszyna do stworzenia idealnej wy\u015bci\u00f3\u0142ki dla drobiu.<\/p>\n<p>[\/vc_column_text][vc_empty_space][vc_column_text]<\/p>\n<p class=\"western\"><strong>Specyfikacja techniczna:<\/strong><\/p>\n<p>[\/vc_column_text][vc_single_image image=&#8221;1774&#8243; img_size=&#8221;large&#8221; alignment=&#8221;center&#8221; onclick=&#8221;link_image&#8221; qode_css_animation=&#8221;&#8221;][vc_empty_space][vc_column_text]<\/p>\n<p class=\"western\">\u2022 Odpowiedni do aplikacji trocin\/wi\u00f3r\u00f3w drzewnych, rozdrobnionej\/posiekanej s\u0142omy, torfu i seperatu<br \/>\n\u2022 Wa\u0142ek dozuj\u0105cy do r\u00f3wnomiernego \u015bcielenia \u015bci\u00f3\u0142ki<br \/>\n\u2022 Dwa dodatkowe wa\u0142ki zapobiegaj\u0105 zapychaniu si\u0119 i zapewniaj\u0105 sta\u0142y dop\u0142yw materia\u0142u do rolki dozuj\u0105cej<br \/>\n\u2022 Hydraulicznie regulowany wysyp<br \/>\n\u2022 Wymagana jest jedna sekcja hydrauliczna pojedynczego lub podw\u00f3jnego dzia\u0142ania<br \/>\n\u2022 Zasuwa po lewej stronie, pozwalaj\u0105ca \u015bcieli\u0107 wzd\u0142u\u017c \u015bcian<br \/>\n\u2022 Lemiesz i wzmocnienia \u015bcielarki wykonane ze stali Hardox<br \/>\n\u2022 Silniki hydrauliczne z elastycznymi z\u0142\u0105czami (sprz\u0119g\u0142em gumowym) i zaworami przelewowymi<br \/>\n\u2022 Malowane proszkowo farb\u0105 podk\u0142adow\u0105 i nawierzchniow\u0105<\/p>\n<p>&nbsp;<\/p>\n<p class=\"western\"><strong>Opcje<\/strong><br \/>\n\u2022 Regulator przep\u0142ywu oleju (wymagany, gdy maszyna nap\u0119dowa przekracza maksymalny przep\u0142yw)<\/p>\n<p>[\/vc_column_text][vc_empty_space][vc_empty_space][\/vc_column][vc_column width=&#8221;1\/2&#8243;][vc_single_image image=&#8221;1772&#8243; img_size=&#8221;400&#215;250&#8243; alignment=&#8221;center&#8221; onclick=&#8221;link_image&#8221; qode_css_animation=&#8221;&#8221;][vc_empty_space][vc_single_image image=&#8221;1762&#8243; img_size=&#8221;400&#215;250&#8243; alignment=&#8221;center&#8221; onclick=&#8221;link_image&#8221; qode_css_animation=&#8221;&#8221;][vc_empty_space][vc_video link=&#8221;https:\/\/www.youtube.com\/watch?v=o6-_rqwXLSk&#8221; el_width=&#8221;70&#8243; align=&#8221;center&#8221;][vc_empty_space][vc_video link=&#8221;https:\/\/www.youtube.com\/watch?v=N3X2vv2uo9k&#8221; el_width=&#8221;70&#8243; align=&#8221;center&#8221;][\/vc_column][\/vc_row][vc_row css_animation=&#8221;&#8221; row_type=&#8221;row&#8221; use_row_as_full_screen_section=&#8221;no&#8221; type=&#8221;full_width&#8221; angled_section=&#8221;no&#8221; text_align=&#8221;left&#8221; background_image_as_pattern=&#8221;without_pattern&#8221;][vc_column]<div class='qode_image_gallery_no_space light highlight_active'><div class='qode_image_gallery_holder' style='height: 300px;'><ul  ><li  ><div style=\"height: 300px; width:450px;\"><a itemprop=\"image\" class=\"prettyphoto\" data-rel=\"prettyPhoto[rel-666057391]\" href=\"http:\/\/scielarki.pl\/wp-content\/uploads\/2024\/03\/OL3.jpg\"><img decoding=\"async\" itemprop=\"image\" src=\"http:\/\/scielarki.pl\/wp-content\/uploads\/2024\/03\/OL3.jpg\" alt=\"\" \/><\/a><\/div><\/li><li  ><div style=\"height: 300px; width:450px;\"><a itemprop=\"image\" class=\"prettyphoto\" data-rel=\"prettyPhoto[rel-666057391]\" href=\"http:\/\/scielarki.pl\/wp-content\/uploads\/2024\/03\/OL5.jpg\"><img decoding=\"async\" itemprop=\"image\" src=\"http:\/\/scielarki.pl\/wp-content\/uploads\/2024\/03\/OL5.jpg\" alt=\"\" \/><\/a><\/div><\/li><li  ><div style=\"height: 300px; width:450px;\"><a itemprop=\"image\" class=\"prettyphoto\" data-rel=\"prettyPhoto[rel-666057391]\" href=\"http:\/\/scielarki.pl\/wp-content\/uploads\/2024\/03\/OL1.jpg\"><img decoding=\"async\" itemprop=\"image\" src=\"http:\/\/scielarki.pl\/wp-content\/uploads\/2024\/03\/OL1.jpg\" alt=\"\" \/><\/a><\/div><\/li><li  ><div style=\"height: 300px; width:451px;\"><a itemprop=\"image\" class=\"prettyphoto\" data-rel=\"prettyPhoto[rel-666057391]\" href=\"http:\/\/scielarki.pl\/wp-content\/uploads\/2024\/03\/OL7.jpg\"><img decoding=\"async\" itemprop=\"image\" src=\"http:\/\/scielarki.pl\/wp-content\/uploads\/2024\/03\/OL7.jpg\" alt=\"\" \/><\/a><\/div><\/li><li  ><div style=\"height: 300px; width:451px;\"><a itemprop=\"image\" class=\"prettyphoto\" data-rel=\"prettyPhoto[rel-666057391]\" href=\"http:\/\/scielarki.pl\/wp-content\/uploads\/2024\/03\/OL6.jpg\"><img decoding=\"async\" itemprop=\"image\" src=\"http:\/\/scielarki.pl\/wp-content\/uploads\/2024\/03\/OL6.jpg\" alt=\"\" \/><\/a><\/div><\/li><li  ><div style=\"height: 300px; width:450px;\"><a itemprop=\"image\" class=\"prettyphoto\" data-rel=\"prettyPhoto[rel-666057391]\" href=\"http:\/\/scielarki.pl\/wp-content\/uploads\/2024\/03\/OL2.jpg\"><img decoding=\"async\" itemprop=\"image\" src=\"http:\/\/scielarki.pl\/wp-content\/uploads\/2024\/03\/OL2.jpg\" alt=\"\" \/><\/a><\/div><\/li><li  ><div style=\"height: 300px; width:450px;\"><a itemprop=\"image\" class=\"prettyphoto\" data-rel=\"prettyPhoto[rel-666057391]\" href=\"http:\/\/scielarki.pl\/wp-content\/uploads\/2024\/03\/OL4.jpg\"><img decoding=\"async\" itemprop=\"image\" src=\"http:\/\/scielarki.pl\/wp-content\/uploads\/2024\/03\/OL4.jpg\" alt=\"\" \/><\/a><\/div><\/li><li  ><div style=\"height: 300px; width:451px;\"><a itemprop=\"image\" class=\"prettyphoto\" data-rel=\"prettyPhoto[rel-666057391]\" href=\"http:\/\/scielarki.pl\/wp-content\/uploads\/2024\/03\/OL12.jpg\"><img decoding=\"async\" itemprop=\"image\" src=\"http:\/\/scielarki.pl\/wp-content\/uploads\/2024\/03\/OL12.jpg\" alt=\"\" \/><\/a><\/div><\/li><li  ><div style=\"height: 300px; width:450px;\"><a itemprop=\"image\" class=\"prettyphoto\" data-rel=\"prettyPhoto[rel-666057391]\" href=\"http:\/\/scielarki.pl\/wp-content\/uploads\/2024\/03\/OL9.jpg\"><img decoding=\"async\" itemprop=\"image\" src=\"http:\/\/scielarki.pl\/wp-content\/uploads\/2024\/03\/OL9.jpg\" alt=\"\" \/><\/a><\/div><\/li><li  ><div style=\"height: 300px; width:226px;\"><a itemprop=\"image\" class=\"prettyphoto\" data-rel=\"prettyPhoto[rel-666057391]\" href=\"http:\/\/scielarki.pl\/wp-content\/uploads\/2024\/03\/OL8.jpg\"><img decoding=\"async\" itemprop=\"image\" src=\"http:\/\/scielarki.pl\/wp-content\/uploads\/2024\/03\/OL8.jpg\" alt=\"\" \/><\/a><\/div><\/li><li  ><div style=\"height: 300px; width:450px;\"><a itemprop=\"image\" class=\"prettyphoto\" data-rel=\"prettyPhoto[rel-666057391]\" href=\"http:\/\/scielarki.pl\/wp-content\/uploads\/2024\/03\/OL10.jpg\"><img decoding=\"async\" itemprop=\"image\" src=\"http:\/\/scielarki.pl\/wp-content\/uploads\/2024\/03\/OL10.jpg\" alt=\"\" \/><\/a><\/div><\/li><li  ><div style=\"height: 300px; width:450px;\"><a itemprop=\"image\" class=\"prettyphoto\" data-rel=\"prettyPhoto[rel-666057391]\" href=\"http:\/\/scielarki.pl\/wp-content\/uploads\/2024\/03\/OL11.jpg\"><img decoding=\"async\" itemprop=\"image\" src=\"http:\/\/scielarki.pl\/wp-content\/uploads\/2024\/03\/OL11.jpg\" alt=\"\" \/><\/a><\/div><\/li><\/ul><\/div><div class=\"controls\"><a class=\"prev-slide\" href=\"#\"><span><i class=\"fa fa-angle-left\"><\/i><\/span><\/a><a class=\"next-slide\" href=\"#\"><span><i class=\"fa fa-angle-right\"><\/i><\/span><\/a><\/div><\/div>[\/vc_column][\/vc_row]<\/p>\n","protected":false},"excerpt":{"rendered":"<p>[vc_row css_animation=&#8221;&#8221; row_type=&#8221;row&#8221; use_row_as_full_screen_section=&#8221;no&#8221; type=&#8221;full_width&#8221; angled_section=&#8221;no&#8221; text_align=&#8221;left&#8221; background_image_as_pattern=&#8221;without_pattern&#8221;][vc_column][vc_column_text] \u015acielarka typ OL [\/vc_column_text][\/vc_column][\/vc_row][vc_row css_animation=&#8221;&#8221; row_type=&#8221;row&#8221; use_row_as_full_screen_section=&#8221;no&#8221; type=&#8221;grid&#8221; angled_section=&#8221;no&#8221; text_align=&#8221;left&#8221; background_image_as_pattern=&#8221;without_pattern&#8221; z_index=&#8221;&#8221;][vc_column width=&#8221;1\/2&#8243;][vc_empty_space][vc_column_text] \u015acielarka typu dolnego Flingk OL mo\u017ce rozprowadza\u0107 \u015aci\u00f3\u0142k\u0119 na ca\u0142ej szeroko\u015bci maszyny. Jej dzia\u0142anie powoduje, \u017ce wok\u00f3\u0142 wytwarza si\u0119 jedynie niewielka ilo\u015b\u0107 py\u0142u. Aplikacj\u0105&#8230;<\/p>\n","protected":false},"author":1,"featured_media":0,"parent":0,"menu_order":0,"comment_status":"closed","ping_status":"closed","template":"","meta":{"footnotes":""},"_links":{"self":[{"href":"http:\/\/scielarki.pl\/index.php?rest_route=\/wp\/v2\/pages\/1104"}],"collection":[{"href":"http:\/\/scielarki.pl\/index.php?rest_route=\/wp\/v2\/pages"}],"about":[{"href":"http:\/\/scielarki.pl\/index.php?rest_route=\/wp\/v2\/types\/page"}],"author":[{"embeddable":true,"href":"http:\/\/scielarki.pl\/index.php?rest_route=\/wp\/v2\/users\/1"}],"replies":[{"embeddable":true,"href":"http:\/\/scielarki.pl\/index.php?rest_route=%2Fwp%2Fv2%2Fcomments&post=1104"}],"version-history":[{"count":8,"href":"http:\/\/scielarki.pl\/index.php?rest_route=\/wp\/v2\/pages\/1104\/revisions"}],"predecessor-version":[{"id":1776,"href":"http:\/\/scielarki.pl\/index.php?rest_route=\/wp\/v2\/pages\/1104\/revisions\/1776"}],"wp:attachment":[{"href":"http:\/\/scielarki.pl\/index.php?rest_route=%2Fwp%2Fv2%2Fmedia&parent=1104"}],"curies":[{"name":"wp","href":"https:\/\/api.w.org\/{rel}","templated":true}]}}