{"id":1139,"date":"2020-03-11T11:53:16","date_gmt":"2020-03-11T11:53:16","guid":{"rendered":"http:\/\/scielarki.pl\/?page_id=1139"},"modified":"2024-03-06T12:46:53","modified_gmt":"2024-03-06T12:46:53","slug":"maszyna-do-kiszonki","status":"publish","type":"page","link":"http:\/\/scielarki.pl\/?page_id=1139","title":{"rendered":"Wycinaki do kiszonki"},"content":{"rendered":"<p>[vc_row css_animation=&#8221;&#8221; row_type=&#8221;row&#8221; use_row_as_full_screen_section=&#8221;no&#8221; type=&#8221;grid&#8221; angled_section=&#8221;no&#8221; text_align=&#8221;left&#8221; background_image_as_pattern=&#8221;without_pattern&#8221; z_index=&#8221;&#8221;][vc_column width=&#8221;1\/2&#8243;][vc_empty_space][vc_column_text]<strong><span style=\"color: #ee6c27;\"><span style=\"font-size: large;\">Maszyna do kiszonki<\/span><\/span><\/strong>[\/vc_column_text][vc_empty_space][vc_column_text]<\/p>\n<p class=\"western\">Maszyna ta zosta\u0142a specjalnie opracowana do zakiszania du\u017cych ilo\u015bci trawy i kukurydzy. Du\u017ca pojemno\u015b\u0107 i rozk\u0142adane boki to du\u017ca oszcz\u0119dno\u015b\u0107 czasu, pozwalaj\u0105ca spo\u017cytkowa\u0107 go np. na dok\u0142adne ubicie produktu.<br \/>\nBardzo solidna konstrukcja maszyny gwarantuje lata bezproblemowej pracy.<br \/>\nMaszyna ma zdejmowalne ostrze, dzi\u0119ki czemu mo\u017cna j\u0105 wykorzysta\u0107 do zbierania trawy oraz kukurydzy. W tym celu do maszyny przyspawano na sta\u0142e z\u0119by Hardox o wymiarach 100 x 50 mm i d\u0142ugo\u015bci 500 mm.<br \/>\nZe wzgl\u0119du na otwart\u0105 konstrukcj\u0119, mo\u017cna na bie\u017c\u0105co kontrolowa\u0107 przebieg zakiszania.<\/p>\n<p>[\/vc_column_text][vc_empty_space][vc_column_text]\u2022 Solidna i niezawodna konstrukcja sk\u0142adaj\u0105ca si\u0119 g\u0142\u00f3wnie z produkt\u00f3w Domex 700<br \/>\n\u2022 Z\u0119by ze stali Hardox 500<br \/>\n\u2022 Dwa ruchome boki, otwierane hydrauliczne (jednocze\u015bnie) do k\u0105ta 125 stopni<br \/>\n\u2022 Dobry widok na kiszonk\u0119 ze wzgl\u0119du na otwart\u0105 konstrukcj\u0119<br \/>\n\u2022 Wymagana jest jedna sekcja hydrauliczna podw\u00f3jnego dzia\u0142ania<br \/>\n\u2022 Zdejmowane ostrze do kukurydzy<br \/>\n\u2022 Malowane proszkowo farb\u0105 podk\u0142adow\u0105 i nawierzchniow\u0105<\/p>\n<p><strong>Opcje<\/strong><\/p>\n<p>\u2022 Wk\u0142adana p\u0142yta (do po\u0142owy tylnej \u015bciany)<\/p>\n<p>\u2022 Dodatki Volvo L50\/60\/70\/90\/110\/120<\/p>\n<p>\u2022 Systeem 2000<br \/>\n(2002 Eurosteel, 2003-2006 Verachtert)<br \/>\n\u2022 Systeem 2000 large<br \/>\n(2003 Eurosteel, 2007-2008 Verachtert)[\/vc_column_text][vc_empty_space][\/vc_column][vc_column width=&#8221;1\/2&#8243;][vc_empty_space][vc_column_text]<strong><span style=\"color: #000000;\"><span style=\"font-size: large;\">Specyfikacja techniczna<\/span><\/span><\/strong>[\/vc_column_text][vc_empty_space][vc_single_image image=&#8221;870&#8243; img_size=&#8221;full&#8221; onclick=&#8221;link_image&#8221; qode_css_animation=&#8221;&#8221;][vc_empty_space][\/vc_column][\/vc_row]<\/p>\n","protected":false},"excerpt":{"rendered":"<p>[vc_row css_animation=&#8221;&#8221; row_type=&#8221;row&#8221; use_row_as_full_screen_section=&#8221;no&#8221; type=&#8221;grid&#8221; angled_section=&#8221;no&#8221; text_align=&#8221;left&#8221; background_image_as_pattern=&#8221;without_pattern&#8221; z_index=&#8221;&#8221;][vc_column width=&#8221;1\/2&#8243;][vc_empty_space][vc_column_text]Maszyna do kiszonki[\/vc_column_text][vc_empty_space][vc_column_text] Maszyna ta zosta\u0142a specjalnie opracowana do zakiszania du\u017cych ilo\u015bci trawy i kukurydzy. Du\u017ca pojemno\u015b\u0107 i rozk\u0142adane boki to du\u017ca oszcz\u0119dno\u015b\u0107 czasu, pozwalaj\u0105ca spo\u017cytkowa\u0107 go np. na dok\u0142adne ubicie produktu. Bardzo solidna konstrukcja maszyny&#8230;<\/p>\n","protected":false},"author":1,"featured_media":0,"parent":0,"menu_order":0,"comment_status":"closed","ping_status":"closed","template":"","meta":{"footnotes":""},"_links":{"self":[{"href":"http:\/\/scielarki.pl\/index.php?rest_route=\/wp\/v2\/pages\/1139"}],"collection":[{"href":"http:\/\/scielarki.pl\/index.php?rest_route=\/wp\/v2\/pages"}],"about":[{"href":"http:\/\/scielarki.pl\/index.php?rest_route=\/wp\/v2\/types\/page"}],"author":[{"embeddable":true,"href":"http:\/\/scielarki.pl\/index.php?rest_route=\/wp\/v2\/users\/1"}],"replies":[{"embeddable":true,"href":"http:\/\/scielarki.pl\/index.php?rest_route=%2Fwp%2Fv2%2Fcomments&post=1139"}],"version-history":[{"count":3,"href":"http:\/\/scielarki.pl\/index.php?rest_route=\/wp\/v2\/pages\/1139\/revisions"}],"predecessor-version":[{"id":1571,"href":"http:\/\/scielarki.pl\/index.php?rest_route=\/wp\/v2\/pages\/1139\/revisions\/1571"}],"wp:attachment":[{"href":"http:\/\/scielarki.pl\/index.php?rest_route=%2Fwp%2Fv2%2Fmedia&parent=1139"}],"curies":[{"name":"wp","href":"https:\/\/api.w.org\/{rel}","templated":true}]}}