{"id":1142,"date":"2020-03-11T11:55:02","date_gmt":"2020-03-11T11:55:02","guid":{"rendered":"http:\/\/scielarki.pl\/?page_id=1142"},"modified":"2020-03-11T11:55:02","modified_gmt":"2020-03-11T11:55:02","slug":"widly-do-kiszonki","status":"publish","type":"page","link":"http:\/\/scielarki.pl\/?page_id=1142","title":{"rendered":"Wid\u0142y do kiszonki"},"content":{"rendered":"<p>[vc_row css_animation=&#8221;&#8221; row_type=&#8221;row&#8221; use_row_as_full_screen_section=&#8221;no&#8221; type=&#8221;grid&#8221; angled_section=&#8221;no&#8221; text_align=&#8221;left&#8221; background_image_as_pattern=&#8221;without_pattern&#8221; z_index=&#8221;&#8221;][vc_column width=&#8221;1\/2&#8243;][vc_empty_space][vc_column_text]<strong><span style=\"color: #ee6c27;\"><span style=\"font-size: large;\">Wid\u0142y do kiszonki<\/span><\/span><\/strong>[\/vc_column_text][vc_empty_space][vc_column_text]<\/p>\n<p class=\"western\">Z\u0119by wide\u0142 do kiszonki KV maj\u0105 d\u0142ugo\u015b\u0107 1350 mm i doskonale nadaj\u0105 si\u0119 do pracy z traw\u0105. Dzi\u0119ki wytrzyma\u0142ym z\u0119bom i konstrukcji wid\u0142y te s\u0105 bardzo solidne.<br \/>\nPoprzez zamontowanie specjalnej p\u0142ytki, maszyna nadaje si\u0119 r\u00f3wnie\u017c do pracy z kukurydz\u0105. Dzi\u0119ki temu ca\u0142e dno pozostaje zamkni\u0119te, co umo\u017cliwia przenoszenie du\u017cych ilo\u015bci kukurydzy. W razie potrzeby mo\u017cna zamontowa\u0107 tak\u017ce wersj\u0119 p\u0142ytki do kukurydzy zawieraj\u0105c\u0105 otwory, aby uzyska\u0107 lepszy widok podczas przechylania wide\u0142.<br \/>\nWid\u0142y s\u0105 dost\u0119pne z lub bez sk\u0142adanych bok\u00f3w. Boki mog\u0105 otwiera\u0107 si\u0119 do k\u0105ta 125 stopni, dzi\u0119ki czemu produkt mo\u017ce by\u0107 dobrze rozdystrybuowany zar\u00f3wno do przodu, jak i do ty\u0142u.<\/p>\n<p>[\/vc_column_text][vc_empty_space][vc_column_text]\u2022 Solidna konstrukcja<br \/>\n\u2022 Dobry widok na kiszonk\u0119 ze wzgl\u0119du na otwart\u0105 konstrukcj\u0119<br \/>\n\u2022 Z\u0119by Nine Hardox 500 120 x 50 mm (10 sztuk KV 18000)<br \/>\n\u2022 Cz\u0119\u015bci wymienne ze stali Hardox<br \/>\n\u2022 Dwa boki, kt\u00f3re hydraulicznie otwieraj\u0105 si\u0119 (jednocze\u015bnie) do k\u0105ta 125 stopni<br \/>\n\u2022 Wymagana jest jedna sekcja hydrauliczna podw\u00f3jnego dzia\u0142ania<br \/>\n\u2022 P\u0142yta do kukurydzy<br \/>\n\u2022 Standardowe wyposa\u017cenie w postaci os\u0142on z\u0119b\u00f3w do jazdy po drodze<br \/>\n\u2022 Malowane proszkowo farb\u0105 podk\u0142adow\u0105 i nawierzchniow\u0105<\/p>\n<p><strong>Opcje<\/strong><\/p>\n<p>\u2022 Volvo aanbouw L50\/60\/70\/90\/110\/120<\/p>\n<p>\u2022 Systeem 2000<br \/>\n(2002 Eurosteel, 2003-2006 Verachtert)<br \/>\n\u2022 Systeem 2000 large<br \/>\n(2003 Eurosteel, 2007-2008 Verachtert)[\/vc_column_text][vc_empty_space][\/vc_column][vc_column width=&#8221;1\/2&#8243;][vc_empty_space][vc_column_text]<strong><span style=\"color: #000000;\"><span style=\"font-size: large;\">Specyfikacja techniczna<\/span><\/span><\/strong>[\/vc_column_text][vc_empty_space][vc_single_image image=&#8221;873&#8243; img_size=&#8221;full&#8221; onclick=&#8221;link_image&#8221; qode_css_animation=&#8221;&#8221;][vc_empty_space][\/vc_column][\/vc_row]<\/p>\n","protected":false},"excerpt":{"rendered":"<p>[vc_row css_animation=&#8221;&#8221; row_type=&#8221;row&#8221; use_row_as_full_screen_section=&#8221;no&#8221; type=&#8221;grid&#8221; angled_section=&#8221;no&#8221; text_align=&#8221;left&#8221; background_image_as_pattern=&#8221;without_pattern&#8221; z_index=&#8221;&#8221;][vc_column width=&#8221;1\/2&#8243;][vc_empty_space][vc_column_text]Wid\u0142y do kiszonki[\/vc_column_text][vc_empty_space][vc_column_text] Z\u0119by wide\u0142 do kiszonki KV maj\u0105 d\u0142ugo\u015b\u0107 1350 mm i doskonale nadaj\u0105 si\u0119 do pracy z traw\u0105. Dzi\u0119ki wytrzyma\u0142ym z\u0119bom i konstrukcji wid\u0142y te s\u0105 bardzo solidne. Poprzez zamontowanie specjalnej p\u0142ytki, maszyna nadaje&#8230;<\/p>\n","protected":false},"author":1,"featured_media":0,"parent":0,"menu_order":0,"comment_status":"closed","ping_status":"closed","template":"","meta":{"footnotes":""},"_links":{"self":[{"href":"http:\/\/scielarki.pl\/index.php?rest_route=\/wp\/v2\/pages\/1142"}],"collection":[{"href":"http:\/\/scielarki.pl\/index.php?rest_route=\/wp\/v2\/pages"}],"about":[{"href":"http:\/\/scielarki.pl\/index.php?rest_route=\/wp\/v2\/types\/page"}],"author":[{"embeddable":true,"href":"http:\/\/scielarki.pl\/index.php?rest_route=\/wp\/v2\/users\/1"}],"replies":[{"embeddable":true,"href":"http:\/\/scielarki.pl\/index.php?rest_route=%2Fwp%2Fv2%2Fcomments&post=1142"}],"version-history":[{"count":1,"href":"http:\/\/scielarki.pl\/index.php?rest_route=\/wp\/v2\/pages\/1142\/revisions"}],"predecessor-version":[{"id":1143,"href":"http:\/\/scielarki.pl\/index.php?rest_route=\/wp\/v2\/pages\/1142\/revisions\/1143"}],"wp:attachment":[{"href":"http:\/\/scielarki.pl\/index.php?rest_route=%2Fwp%2Fv2%2Fmedia&parent=1142"}],"curies":[{"name":"wp","href":"https:\/\/api.w.org\/{rel}","templated":true}]}}