{"id":1007,"date":"2020-02-18T11:54:35","date_gmt":"2020-02-18T11:54:35","guid":{"rendered":"http:\/\/scielarki.pl\/?page_id=1007"},"modified":"2024-03-06T12:57:58","modified_gmt":"2024-03-06T12:57:58","slug":"wycinaki","status":"publish","type":"page","link":"https:\/\/scielarki.pl\/?page_id=1007","title":{"rendered":"Wycinaki"},"content":{"rendered":"<p>[vc_row css_animation=&#8221;&#8221; row_type=&#8221;row&#8221; use_row_as_full_screen_section=&#8221;no&#8221; type=&#8221;full_width&#8221; angled_section=&#8221;no&#8221; text_align=&#8221;left&#8221; background_image_as_pattern=&#8221;without_pattern&#8221;][vc_column][vc_column_text]Podczas wyboru wycinaka nale\u017cy zwr\u00f3ci\u0107 uwag\u0119 na nast\u0119puj\u0105ce<strong> jego parametry<\/strong> \u2013 zw\u0142aszcza takie jak <strong>szeroko\u015b\u0107, masa, pojemno\u015b\u0107<\/strong> ma to bezpo\u015bredni wp\u0142yw na prac\u0119 maszyny. Oczywi\u015bcie du\u017ce znaczenie ma cena, a zale\u017cnie od producenta ceny wycinak\u00f3w do kiszonki <strong>wahaj\u0105 si\u0119 pomi\u0119dzy 5 tys. euro a 10 tys. euro<\/strong>. Nie jest to g\u00f3rna granica kwotowa, bo <strong>wycinak o najwi\u0119kszych wymiarach<\/strong> (szeroko\u015b\u0107 wycinaka si\u0119ga 260 cm a wysoko\u015b\u0107 chwytu 220 cm) <strong>mo\u017ce kosztowa\u0107 nawet ok. 15 tys. euro<\/strong>. Z tego wzgl\u0119du dla hodowcy tym bardziej istotny staje si\u0119 odpowiedni, przemy\u015blany wyb\u00f3r. Jest to du\u017ca inwestycja i nie mo\u017ce by\u0107 podejmowana w spos\u00f3b nieprzemy\u015blany.[\/vc_column_text][\/vc_column][\/vc_row][vc_row css_animation=&#8221;&#8221; row_type=&#8221;row&#8221; use_row_as_full_screen_section=&#8221;no&#8221; type=&#8221;grid&#8221; angled_section=&#8221;no&#8221; text_align=&#8221;left&#8221; background_image_as_pattern=&#8221;without_pattern&#8221; z_index=&#8221;&#8221;][vc_column width=&#8221;1\/3&#8243;][vc_empty_space][vc_single_image image=&#8221;1119&#8243; img_size=&#8221;400&#215;300&#8243; style=&#8221;vc_box_shadow_3d&#8221; onclick=&#8221;custom_link&#8221; qode_css_animation=&#8221;&#8221; qode_hover_animation=&#8221;zoom_in&#8221; link=&#8221;http:\/\/scielarki.pl\/?page_id=1120&#8243;][vc_empty_space][vc_column_text]<\/p>\n<p style=\"text-align: center;\"><strong><span style=\"color: #ee6c27;\"><span style=\"font-size: large;\">Typ KHSII<\/span><\/span><\/strong><\/p>\n<p>[\/vc_column_text][vc_empty_space][\/vc_column][vc_column width=&#8221;1\/3&#8243;][vc_empty_space][vc_single_image image=&#8221;1124&#8243; img_size=&#8221;400&#215;300&#8243; onclick=&#8221;custom_link&#8221; qode_css_animation=&#8221;&#8221; qode_hover_animation=&#8221;zoom_in&#8221; link=&#8221;http:\/\/scielarki.pl\/?page_id=1122&#8243;][vc_empty_space][vc_column_text]<\/p>\n<p style=\"text-align: center;\"><strong><span style=\"color: #ee6c27;\"><span style=\"font-size: large;\">Typ KHM2<\/span><\/span><\/strong><\/p>\n<p>[\/vc_column_text][vc_empty_space][\/vc_column][vc_column width=&#8221;1\/3&#8243;][vc_empty_space][vc_single_image image=&#8221;1128&#8243; img_size=&#8221;400&#215;300&#8243; onclick=&#8221;custom_link&#8221; qode_css_animation=&#8221;&#8221; qode_hover_animation=&#8221;zoom_in&#8221; link=&#8221;http:\/\/scielarki.pl\/?page_id=1126&#8243;][vc_empty_space][vc_column_text]<\/p>\n<p style=\"text-align: center;\"><strong><span style=\"color: #ee6c27;\"><span style=\"font-size: large;\">Typ KHL2<\/span><\/span><\/strong><\/p>\n<p>[\/vc_column_text][vc_empty_space][\/vc_column][\/vc_row][vc_row css_animation=&#8221;&#8221; row_type=&#8221;row&#8221; use_row_as_full_screen_section=&#8221;no&#8221; type=&#8221;grid&#8221; angled_section=&#8221;no&#8221; text_align=&#8221;left&#8221; background_image_as_pattern=&#8221;without_pattern&#8221; z_index=&#8221;&#8221;][vc_column width=&#8221;1\/3&#8243;][vc_empty_space][vc_single_image image=&#8221;1132&#8243; img_size=&#8221;400&#215;300&#8243; onclick=&#8221;custom_link&#8221; qode_css_animation=&#8221;&#8221; qode_hover_animation=&#8221;zoom_in&#8221; link=&#8221;http:\/\/scielarki.pl\/?page_id=1130&#8243;][vc_empty_space][vc_column_text]<\/p>\n<p style=\"text-align: center;\"><strong><span style=\"color: #ee6c27;\"><span style=\"font-size: large;\">Typ KHXL<\/span><\/span><\/strong><\/p>\n<p>[\/vc_column_text][vc_empty_space][\/vc_column][vc_column width=&#8221;1\/3&#8243;][vc_empty_space][vc_single_image image=&#8221;1135&#8243; img_size=&#8221;400&#215;300&#8243; onclick=&#8221;custom_link&#8221; qode_css_animation=&#8221;&#8221; qode_hover_animation=&#8221;zoom_in&#8221; link=&#8221;http:\/\/scielarki.pl\/?page_id=1133&#8243;][vc_empty_space][vc_column_text]<\/p>\n<p style=\"text-align: center;\"><strong><span style=\"color: #ee6c27;\"><span style=\"font-size: large;\">Typ BRS<\/span><\/span><\/strong><\/p>\n<p>[\/vc_column_text][vc_empty_space][\/vc_column][vc_column width=&#8221;1\/3&#8243;][vc_empty_space][\/vc_column][\/vc_row]<\/p>\n","protected":false},"excerpt":{"rendered":"<p>[vc_row css_animation=&#8221;&#8221; row_type=&#8221;row&#8221; use_row_as_full_screen_section=&#8221;no&#8221; type=&#8221;full_width&#8221; angled_section=&#8221;no&#8221; text_align=&#8221;left&#8221; background_image_as_pattern=&#8221;without_pattern&#8221;][vc_column][vc_column_text]Podczas wyboru wycinaka nale\u017cy zwr\u00f3ci\u0107 uwag\u0119 na nast\u0119puj\u0105ce jego parametry \u2013 zw\u0142aszcza takie jak szeroko\u015b\u0107, masa, pojemno\u015b\u0107 ma to bezpo\u015bredni wp\u0142yw na prac\u0119 maszyny. Oczywi\u015bcie du\u017ce znaczenie ma cena, a zale\u017cnie od producenta ceny wycinak\u00f3w do kiszonki wahaj\u0105&#8230;<\/p>\n","protected":false},"author":1,"featured_media":0,"parent":0,"menu_order":0,"comment_status":"closed","ping_status":"closed","template":"","meta":{"footnotes":""},"_links":{"self":[{"href":"https:\/\/scielarki.pl\/index.php?rest_route=\/wp\/v2\/pages\/1007"}],"collection":[{"href":"https:\/\/scielarki.pl\/index.php?rest_route=\/wp\/v2\/pages"}],"about":[{"href":"https:\/\/scielarki.pl\/index.php?rest_route=\/wp\/v2\/types\/page"}],"author":[{"embeddable":true,"href":"https:\/\/scielarki.pl\/index.php?rest_route=\/wp\/v2\/users\/1"}],"replies":[{"embeddable":true,"href":"https:\/\/scielarki.pl\/index.php?rest_route=%2Fwp%2Fv2%2Fcomments&post=1007"}],"version-history":[{"count":12,"href":"https:\/\/scielarki.pl\/index.php?rest_route=\/wp\/v2\/pages\/1007\/revisions"}],"predecessor-version":[{"id":1572,"href":"https:\/\/scielarki.pl\/index.php?rest_route=\/wp\/v2\/pages\/1007\/revisions\/1572"}],"wp:attachment":[{"href":"https:\/\/scielarki.pl\/index.php?rest_route=%2Fwp%2Fv2%2Fmedia&parent=1007"}],"curies":[{"name":"wp","href":"https:\/\/api.w.org\/{rel}","templated":true}]}}