{"id":809,"date":"2019-10-30T10:28:29","date_gmt":"2019-10-30T10:28:29","guid":{"rendered":"http:\/\/scielarki.pl\/?page_id=809"},"modified":"2024-03-13T12:37:58","modified_gmt":"2024-03-13T12:37:58","slug":"scielarki","status":"publish","type":"page","link":"https:\/\/scielarki.pl\/?page_id=809","title":{"rendered":"\u015acielarki"},"content":{"rendered":"<p>[vc_row css_animation=&#8221;&#8221; row_type=&#8221;row&#8221; use_row_as_full_screen_section=&#8221;no&#8221; type=&#8221;grid&#8221; angled_section=&#8221;no&#8221; text_align=&#8221;left&#8221; background_image_as_pattern=&#8221;without_pattern&#8221; z_index=&#8221;&#8221;][vc_column width=&#8221;1\/4&#8243;][vc_empty_space][vc_single_image image=&#8221;1265&#8243; img_size=&#8221;400&#215;300&#8243; onclick=&#8221;custom_link&#8221; qode_css_animation=&#8221;&#8221; qode_hover_animation=&#8221;zoom_in&#8221; link=&#8221;http:\/\/scielarki.pl\/?page_id=1095&#8243;][vc_empty_space][vc_column_text]<\/p>\n<p style=\"text-align: center;\"><strong><span style=\"color: #ee6c27;\"><span style=\"font-size: large;\">Typ KSS <\/span><\/span><\/strong><\/p>\n<p style=\"text-align: center;\"><strong><span style=\"color: #ee6c27;\"><span style=\"font-size: large;\">\u015acielarka do materaca wapniowo-s\u0142omianego<\/span><\/span><\/strong><\/p>\n<p>[\/vc_column_text][vc_empty_space][\/vc_column][vc_column width=&#8221;1\/4&#8243;][vc_empty_space][vc_single_image image=&#8221;1071&#8243; img_size=&#8221;400&#215;300&#8243; onclick=&#8221;custom_link&#8221; qode_css_animation=&#8221;&#8221; qode_hover_animation=&#8221;zoom_in&#8221; link=&#8221;http:\/\/scielarki.pl\/?page_id=1089&#8243;][vc_empty_space][vc_column_text]<\/p>\n<p style=\"text-align: center;\"><strong><span style=\"color: #ee6c27;\"><span style=\"font-size: large;\">Typ ZX <\/span><\/span><\/strong><\/p>\n<p style=\"text-align: center;\"><strong><span style=\"color: #ee6c27;\"><span style=\"font-size: large;\">\u015acielarka do seperatu<\/span><\/span><\/strong><\/p>\n<p>[\/vc_column_text][vc_empty_space][\/vc_column][vc_column width=&#8221;1\/4&#8243;][vc_empty_space][vc_single_image image=&#8221;1680&#8243; img_size=&#8221;400&#215;300&#8243; onclick=&#8221;custom_link&#8221; qode_css_animation=&#8221;&#8221; qode_hover_animation=&#8221;zoom_in&#8221; link=&#8221;http:\/\/scielarki.pl\/?page_id=1092&#8243;][vc_empty_space][vc_column_text]<\/p>\n<p style=\"text-align: center;\"><strong><span style=\"color: #ee6c27;\"><span style=\"font-size: large;\">Typ ZXS <\/span><\/span><\/strong><\/p>\n<p style=\"text-align: center;\"><strong><span style=\"color: #ee6c27;\"><span style=\"font-size: large;\">Wzmocniona \u015bcielarka do seperatu<\/span><\/span><\/strong><\/p>\n<p>[\/vc_column_text][vc_empty_space][\/vc_column][vc_column width=&#8221;1\/4&#8243;][vc_empty_space][vc_single_image image=&#8221;1699&#8243; img_size=&#8221;400&#215;300&#8243; style=&#8221;vc_box_shadow_3d&#8221; onclick=&#8221;custom_link&#8221; qode_css_animation=&#8221;&#8221; qode_hover_animation=&#8221;zoom_in&#8221; link=&#8221;http:\/\/scielarki.pl\/?page_id=1077&#8243;][vc_empty_space][vc_column_text]<\/p>\n<p style=\"text-align: center;\"><strong><span style=\"color: #ee6c27;\"><span style=\"font-size: large;\">Typ SE <\/span><\/span><\/strong><\/p>\n<p style=\"text-align: center;\"><strong><span style=\"color: #ee6c27;\"><span style=\"font-size: large;\">R\u0119czna \u015bcielarka o nap\u0119dzie elektrycznym<\/span><\/span><\/strong><\/p>\n<p>[\/vc_column_text][vc_empty_space][\/vc_column][\/vc_row][vc_row css_animation=&#8221;&#8221; row_type=&#8221;row&#8221; use_row_as_full_screen_section=&#8221;no&#8221; type=&#8221;grid&#8221; angled_section=&#8221;no&#8221; text_align=&#8221;left&#8221; background_image_as_pattern=&#8221;without_pattern&#8221; z_index=&#8221;&#8221;][vc_column width=&#8221;1\/4&#8243;][vc_empty_space][vc_single_image image=&#8221;1068&#8243; img_size=&#8221;400&#215;300&#8243; onclick=&#8221;custom_link&#8221; qode_css_animation=&#8221;&#8221; qode_hover_animation=&#8221;zoom_in&#8221; link=&#8221;http:\/\/scielarki.pl\/?page_id=1083&#8243;][vc_empty_space][vc_column_text]<\/p>\n<p style=\"text-align: center;\"><strong><span style=\"color: #ee6c27;\"><span style=\"font-size: large;\">Typ S <\/span><\/span><\/strong><\/p>\n<p style=\"text-align: center;\"><strong><span style=\"color: #ee6c27;\"><span style=\"font-size: large;\">\u015acielarka do piasku<\/span><\/span><\/strong><\/p>\n<p>[\/vc_column_text][vc_empty_space][\/vc_column][vc_column width=&#8221;1\/4&#8243;][vc_empty_space][vc_single_image image=&#8221;1070&#8243; img_size=&#8221;400&#215;300&#8243; onclick=&#8221;custom_link&#8221; qode_css_animation=&#8221;&#8221; qode_hover_animation=&#8221;zoom_in&#8221; link=&#8221;http:\/\/scielarki.pl\/?page_id=1086&#8243;][vc_empty_space][vc_column_text]<\/p>\n<p style=\"text-align: center;\"><strong><span style=\"color: #ee6c27;\"><span style=\"font-size: large;\">Typ SX <\/span><\/span><\/strong><\/p>\n<p style=\"text-align: center;\"><strong><span style=\"color: #ee6c27;\"><span style=\"font-size: large;\">\u015acielarka do piasku z mechanizmem oscylacyjnym w \u0142y\u017cce<\/span><\/span><\/strong><\/p>\n<p>[\/vc_column_text][vc_empty_space][\/vc_column][vc_column width=&#8221;1\/4&#8243;][vc_empty_space][vc_single_image image=&#8221;1067&#8243; img_size=&#8221;400&#215;300&#8243; onclick=&#8221;custom_link&#8221; qode_css_animation=&#8221;&#8221; qode_hover_animation=&#8221;zoom_in&#8221; link=&#8221;http:\/\/scielarki.pl\/?page_id=1080&#8243;][vc_empty_space][vc_column_text]<\/p>\n<p style=\"text-align: center;\"><strong><span style=\"color: #ee6c27;\"><span style=\"font-size: large;\">Typ Z<\/span><\/span><\/strong><\/p>\n<p style=\"text-align: center;\"><strong><span style=\"color: #ee6c27;\"><span style=\"font-size: large;\">\u015acielarka do precyzyjnego \u015bcielenia trocin lub posiekanej s\u0142omy<\/span><\/span><\/strong><\/p>\n<p>[\/vc_column_text][vc_empty_space][\/vc_column][vc_column width=&#8221;1\/4&#8243;][\/vc_column][\/vc_row]<\/p>\n","protected":false},"excerpt":{"rendered":"<p>[vc_row css_animation=&#8221;&#8221; row_type=&#8221;row&#8221; use_row_as_full_screen_section=&#8221;no&#8221; type=&#8221;grid&#8221; angled_section=&#8221;no&#8221; text_align=&#8221;left&#8221; background_image_as_pattern=&#8221;without_pattern&#8221; z_index=&#8221;&#8221;][vc_column width=&#8221;1\/4&#8243;][vc_empty_space][vc_single_image image=&#8221;1265&#8243; img_size=&#8221;400&#215;300&#8243; onclick=&#8221;custom_link&#8221; qode_css_animation=&#8221;&#8221; qode_hover_animation=&#8221;zoom_in&#8221; link=&#8221;http:\/\/scielarki.pl\/?page_id=1095&#8243;][vc_empty_space][vc_column_text] Typ KSS \u015acielarka do materaca wapniowo-s\u0142omianego [\/vc_column_text][vc_empty_space][\/vc_column][vc_column width=&#8221;1\/4&#8243;][vc_empty_space][vc_single_image image=&#8221;1071&#8243; img_size=&#8221;400&#215;300&#8243; onclick=&#8221;custom_link&#8221; qode_css_animation=&#8221;&#8221; qode_hover_animation=&#8221;zoom_in&#8221; link=&#8221;http:\/\/scielarki.pl\/?page_id=1089&#8243;][vc_empty_space][vc_column_text] Typ ZX \u015acielarka do seperatu [\/vc_column_text][vc_empty_space][\/vc_column][vc_column width=&#8221;1\/4&#8243;][vc_empty_space][vc_single_image image=&#8221;1680&#8243; img_size=&#8221;400&#215;300&#8243; onclick=&#8221;custom_link&#8221; qode_css_animation=&#8221;&#8221; qode_hover_animation=&#8221;zoom_in&#8221; link=&#8221;http:\/\/scielarki.pl\/?page_id=1092&#8243;][vc_empty_space][vc_column_text] Typ ZXS&#8230;<\/p>\n","protected":false},"author":1,"featured_media":0,"parent":0,"menu_order":0,"comment_status":"closed","ping_status":"closed","template":"","meta":{"footnotes":""},"_links":{"self":[{"href":"https:\/\/scielarki.pl\/index.php?rest_route=\/wp\/v2\/pages\/809"}],"collection":[{"href":"https:\/\/scielarki.pl\/index.php?rest_route=\/wp\/v2\/pages"}],"about":[{"href":"https:\/\/scielarki.pl\/index.php?rest_route=\/wp\/v2\/types\/page"}],"author":[{"embeddable":true,"href":"https:\/\/scielarki.pl\/index.php?rest_route=\/wp\/v2\/users\/1"}],"replies":[{"embeddable":true,"href":"https:\/\/scielarki.pl\/index.php?rest_route=%2Fwp%2Fv2%2Fcomments&post=809"}],"version-history":[{"count":70,"href":"https:\/\/scielarki.pl\/index.php?rest_route=\/wp\/v2\/pages\/809\/revisions"}],"predecessor-version":[{"id":1706,"href":"https:\/\/scielarki.pl\/index.php?rest_route=\/wp\/v2\/pages\/809\/revisions\/1706"}],"wp:attachment":[{"href":"https:\/\/scielarki.pl\/index.php?rest_route=%2Fwp%2Fv2%2Fmedia&parent=809"}],"curies":[{"name":"wp","href":"https:\/\/api.w.org\/{rel}","templated":true}]}}